{"id":3473,"date":"2026-05-04T14:58:20","date_gmt":"2026-05-04T14:58:20","guid":{"rendered":"https:\/\/primeodontorj.com\/?page_id=3473"},"modified":"2026-05-04T14:58:20","modified_gmt":"2026-05-04T14:58:20","slug":"tadapoxin-aktiiviset-aineet","status":"publish","type":"page","link":"https:\/\/primeodontorj.com\/index.php\/tadapoxin-aktiiviset-aineet\/","title":{"rendered":"Tadapoxin aktiiviset aineet"},"content":{"rendered":"<h1>Miten Tadapox toimii ED:ss\u00e4: mekanismi, alkaminen, kesto<\/h1>\n<p>Tadapox yhdist\u00e4\u00e4 Tadalafiilin ja Dapoksetiinin vahvuudet erektioh\u00e4iri\u00f6iden (ED) hoitoon erityisill\u00e4 mekanismeilla, alkamisajoilla ja vaikutuksen kestoilla.<\/p>\n<h2>Erektioh\u00e4iri\u00f6n ja sen syiden ymm\u00e4rt\u00e4minen<\/h2>\n<p>Erektioh\u00e4iri\u00f6 (ED) on yleinen sairaus, joka vaikuttaa miljooniin miehiin maailmanlaajuisesti ja jolle on ominaista kyvytt\u00f6myys saavuttaa tai yll\u00e4pit\u00e4\u00e4 tyydytt\u00e4v\u00e4\u00e4n seksuaaliseen suorituskykyyn riitt\u00e4v\u00e4\u00e4 erektiota. ED:n syyt ovat erilaisia, ja ne vaihtelevat psykologisista tekij\u00f6ist\u00e4, kuten stressist\u00e4 ja ahdistuksesta, fysiologisiin ongelmiin, kuten syd\u00e4n- ja verisuonitauteihin, diabetekseen ja hormonaaliseen ep\u00e4tasapainoon. Ik\u00e4 on toinen merkitt\u00e4v\u00e4 tekij\u00e4, ja ED:n todenn\u00e4k\u00f6isyys kasvaa miesten ik\u00e4\u00e4ntyess\u00e4.<\/p>\n<p>Lis\u00e4ksi el\u00e4m\u00e4ntapavalinnat, kuten tupakointi, liiallinen alkoholink\u00e4ytt\u00f6 ja istuvat tavat voivat pahentaa ED:n kehittymisriski\u00e4. N\u00e4iden taustalla olevien syiden ymm\u00e4rt\u00e4minen on ratkaisevan t\u00e4rke\u00e4\u00e4 tehokkaan hoidon ja hallinnan kannalta. Psykologisia interventioita, el\u00e4m\u00e4ntapamuutoksia ja farmakologisia hoitoja k\u00e4ytet\u00e4\u00e4n usein yhdess\u00e4 ED:n monitahoisen luonteen k\u00e4sittelemiseksi.<\/p>\n<h2>Mik\u00e4 on Tadapox? Yleiskatsaus<\/h2>\n<p>Tadapox on l\u00e4\u00e4ke, joka on kehitetty kahden yleisen miesten ongelman hoitoon: erektioh\u00e4iri\u00f6t ja ennenaikainen siemensy\u00f6ksy. Yhdist\u00e4m\u00e4ll\u00e4 Tadalafiilia ja Dapoksetiinia, se pyrkii parantamaan seksuaalista suorituskyky\u00e4 pident\u00e4m\u00e4ll\u00e4 erektion kestoa ja hidastamalla siemensy\u00f6ksy\u00e4. T\u00e4m\u00e4 kaksoisvaikutus tekee Tadapoxista ainutlaatuisen ja tehokkaan vaihtoehdon miehille, jotka etsiv\u00e4t kokonaisvaltaista hoitoa n\u00e4ihin sairauksiin.<\/p>\n<p>Tadapox, jota markkinoidaan p\u00e4\u00e4asiassa alueilla, joilla monitoimisten ED-hoitojen kysynt\u00e4 on suuri, tarjoaa k\u00e4tev\u00e4n ratkaisun yhdist\u00e4m\u00e4ll\u00e4 kaksi aktiivista komponenttia yhdeksi tabletiksi. T\u00e4m\u00e4 ei ainoastaan \u200b\u200byksinkertaista potilaiden hoito-ohjelmaa, vaan my\u00f6s mahdollisesti parantaa hoitomy\u00f6ntyvyytt\u00e4 ja tehokkuutta.<\/p>\n<h2>Tadapoxin aktiiviset aineet<\/h2>\n<p>Tadapoxin tehokkuus riippuu sen kahdesta vaikuttavasta aineosasta: Tadalafiilista, fosfodiesteraasityypin 5 (PDE5) est\u00e4j\u00e4st\u00e4, ja dapoxetiinista, selektiivisest\u00e4 serotoniinin takaisinoton est\u00e4j\u00e4st\u00e4 (SSRI). Tadalafiili tunnetaan hyvin roolistaan \u200b\u200berektioh\u00e4iri\u00f6iden hoidossa lis\u00e4\u00e4m\u00e4ll\u00e4 verenkiertoa penikseen, mik\u00e4 parantaa erektion laatua ja kest\u00e4vyytt\u00e4.<\/p>\n<p>Dapoksetiinia sit\u00e4 vastoin k\u00e4ytet\u00e4\u00e4n ensisijaisesti ennenaikaisen siemensy\u00f6ksyn hoitoon pident\u00e4m\u00e4ll\u00e4 siemensy\u00f6ksy\u00e4. Se toimii moduloimalla aivoissa olevaa v\u00e4litt\u00e4j\u00e4ainetta serotoniinia, jolla on ratkaiseva rooli siemensy\u00f6ksy\u00e4 hidastavassa. N\u00e4iden kahden l\u00e4\u00e4kkeen yhdistelm\u00e4 Tadapoxissa luo synergistisen vaikutuksen, joka tarjoaa kattavan ratkaisun sek\u00e4 erektioh\u00e4iri\u00f6ihin ett\u00e4 ennenaikaiseen siemensy\u00f6ksyyn.<\/p>\n<h2>Toimintamekanismi: Kuinka Tadapox toimii ED:ss\u00e4<\/h2>\n<p>Tadapox toimii kahden aktiivisen ainesosan yhteisvaikutusten kautta. Tadalafiili tehostaa erektiotoimintaa est\u00e4m\u00e4ll\u00e4 PDE5-entsyymi\u00e4, joka s\u00e4\u00e4telee peniksen verenkiertoa. Salpaamalla t\u00e4m\u00e4n entsyymin, tadalafiili lis\u00e4\u00e4 verenkiertoa seksuaalisen kiihottumisen aikana, mik\u00e4 johtaa kiinte\u00e4mp\u00e4\u00e4n ja pidemp\u00e4\u00e4n erektioon.<\/p>\n<p>Samanaikaisesti dapoksetiini vaikuttaa keskushermostoon ja est\u00e4\u00e4 serotoniinin kuljettajaa, mik\u00e4 lis\u00e4\u00e4 serotoniinin toimintaa synaptisessa rakossa ja viiv\u00e4stytt\u00e4\u00e4 siemensy\u00f6ksy\u00e4. Tuloksena on l\u00e4\u00e4ke, joka ei ainoastaan \u200b\u200bauta saavuttamaan ja yll\u00e4pit\u00e4m\u00e4\u00e4n erektiota, vaan my\u00f6s pident\u00e4\u00e4 seksuaalisen kanssak\u00e4ymisen kestoa.<\/p>\n<h2>Tadalafiilin rooli ED:n hoidossa<\/h2>\n<p>Tadalafiilia, Tadapoxin avainkomponenttia, k\u00e4ytet\u00e4\u00e4n laajalti ED-hoidoissa sen pitk\u00e4n puoliintumisajan vuoksi verrattuna muihin PDE5-est\u00e4jiin, kuten sildenafiiliin. Sen kyky s\u00e4ilytt\u00e4\u00e4 tehonsa jopa 36 tuntia on ansainnut sille lempinimen &quot;viikonlopun pilleri.&quot; T\u00e4m\u00e4 pitkittynyt kesto mahdollistaa spontaanisemman ja luonnollisemman seksuaalisen toiminnan, mik\u00e4 parantaa yleist\u00e4 seksuaalista kokemusta.<\/p>\n<p>Toisin kuin muut tarkkaa ajoitusta <a href=\"https:\/\/turvaapteekki.com\/tilaus-tadapox-verkossa-ilman-reseptia\">https:\/\/turvaapteekki.com\/tilaus-tadapox-verkossa-ilman-reseptia<\/a> vaativat hoidot, Tadalafiili tarjoaa joustavuutta, jolloin miehet voivat s\u00e4ilytt\u00e4\u00e4 valmiustason ilman v\u00e4lit\u00f6nt\u00e4 painetta. T\u00e4m\u00e4 joustavuus voi my\u00f6s v\u00e4hent\u00e4\u00e4 seksuaaliseen suorituskykyyn liittyv\u00e4\u00e4 ahdistusta, mik\u00e4 parantaa ED-potilaiden tuloksia.<\/p>\n<h2>Kuinka Dapoxetine parantaa Tadapoxin tehokkuutta<\/h2>\n<p>Dapoksetiinin sis\u00e4llytt\u00e4minen Tadapoxiin k\u00e4sittelee ennenaikaista siemensy\u00f6ksy\u00e4, joka usein liittyy erektioh\u00e4iri\u00f6\u00f6n. Pident\u00e4m\u00e4ll\u00e4 siemensy\u00f6ksy\u00e4, dapoxetine mahdollistaa tyydytt\u00e4v\u00e4mm\u00e4n seksuaalisen kokemuksen molemmille osapuolille. Se saavuttaa t\u00e4m\u00e4n moduloimalla serotoniinin, mielialaan ja seksuaaliseen toimintaan vaikuttavan v\u00e4litt\u00e4j\u00e4aineen, tasoa.<\/p>\n<p>Dapoxetine ja Tadalafiili yhdistelm\u00e4 Tadapoxissa ei ainoastaan \u200b\u200bkohdista erektio-ongelmia, vaan my\u00f6s synkronoi ennenaikaisen siemensy\u00f6ksyn ratkaisun. T\u00e4m\u00e4 kaksoisl\u00e4hestymistapa voi parantaa merkitt\u00e4v\u00e4sti seksuaalista tyydytyst\u00e4 ja itseluottamusta, mik\u00e4 parantaa monien miesten el\u00e4m\u00e4nlaatua.<\/p>\n<h2>Vaikutuksen alku: Kuinka nopeasti Tadapox toimii?<\/h2>\n<p>Tadapoxin vaikutuksen alkaminen voi vaihdella yksil\u00f6iden v\u00e4lill\u00e4, mutta yleens\u00e4 vaikutukset alkavat 30-60 minuutin kuluessa nielemisest\u00e4. Tadalafiili, erektiotoiminnasta vastaava komponentti, alkaa tyypillisesti toimia t\u00e4ss\u00e4 ajassa, jolloin miehet voivat saavuttaa erektion seksuaalisesti kiihottuneena.<\/p>\n<p>Parhaan tuloksen saavuttamiseksi on suositeltavaa ottaa Tadapox vesilasillisen kanssa tyhj\u00e4\u00e4n mahaan. Raskaan aterian sy\u00f6minen ennen l\u00e4\u00e4kkeen ottamista voi hidastaa sen imeytymist\u00e4 ja vaikutuksen alkamista, mik\u00e4 v\u00e4hent\u00e4\u00e4 sen tehoa. Tietoisuus n\u00e4ist\u00e4 tekij\u00f6ist\u00e4 voi auttaa k\u00e4ytt\u00e4ji\u00e4 maksimoimaan Tadapoxin hy\u00f6dyt.<\/p>\n<h2>Vaikutuksen kesto: Kuinka kauan Tadapox kest\u00e4\u00e4?<\/h2>\n<p>Tadalafilin pidennetyn puoliintumisajan ansiosta Tadapoxin vaikutukset voivat kest\u00e4\u00e4 jopa 36 tuntia. T\u00e4m\u00e4 pitk\u00e4kestoinen vaikutus on hy\u00f6dyllinen niille, jotka etsiv\u00e4t joustavuutta seksuaalisissa toimissaan, mik\u00e4 mahdollistaa useiden yhdynn\u00e4n ilman lis\u00e4annostusten tarvetta.<\/p>\n<p>Dapoksetiinin vaikutus ennenaikaiseen siemensy\u00f6ksyyn jatkuu my\u00f6s koko t\u00e4m\u00e4n jakson ajan tarjoten kattavaa tukea seksuaaliselle suorituskyvylle. T\u00e4m\u00e4 pidennetty kesto tekee Tadapoxista k\u00e4tev\u00e4n vaihtoehdon niille, jotka eiv\u00e4t halua suunnitella seksuaalista toimintaa l\u00e4\u00e4kitysohjelmansa ymp\u00e4rille.<\/p>\n<h2>Tadapoxin vertaaminen muihin ED-l\u00e4\u00e4kkeisiin<\/h2>\n<p>Tadapox erottuu muista ED-l\u00e4\u00e4kkeist\u00e4 k\u00e4sittelem\u00e4ll\u00e4 sek\u00e4 erektioh\u00e4iri\u00f6it\u00e4 ett\u00e4 ennenaikaista siemensy\u00f6ksy\u00e4 yhdell\u00e4 pillerill\u00e4. Sen sijaan tavalliset ED-hoidot, kuten Viagra (Sildenafiili) ja Levitra (Vardenafiili), keskittyv\u00e4t yksinomaan erektion laadun parantamiseen puuttumatta siemensy\u00f6ksyn ajoitukseen.<\/p>\n<p>Vaikka sildenafiilin ja vardenafiilin vaikutus alkaa nopeammin, niiden vaikutukset kest\u00e4v\u00e4t yleens\u00e4 lyhyemm\u00e4n ajan &#8211; noin 4-6 tuntia. Tadapox tarjoaa vakuuttavan vaihtoehdon niille, jotka arvostavat pitk\u00e4ik\u00e4isyytt\u00e4 ja monik\u00e4ytt\u00f6ist\u00e4 hoitoa. Yksil\u00f6lliset reaktiot l\u00e4\u00e4kkeisiin voivat kuitenkin vaihdella, joten k\u00e4ytt\u00e4jien on v\u00e4ltt\u00e4m\u00e4t\u00f6nt\u00e4 neuvotella terveydenhuollon tarjoajien kanssa sopivimman vaihtoehdon m\u00e4\u00e4ritt\u00e4miseksi.<\/p>\n<h2>Tadapoxin mahdolliset sivuvaikutukset<\/h2>\n<p>Kuten mill\u00e4 tahansa l\u00e4\u00e4kkeell\u00e4, Tadapoxilla voi olla haittavaikutuksia, vaikka kaikki eiv\u00e4t koe niit\u00e4. Yleisi\u00e4 sivuvaikutuksia ovat p\u00e4\u00e4ns\u00e4rky, huimaus, pahoinvointi ja punoitus. N\u00e4m\u00e4 ovat yleens\u00e4 lievi\u00e4 ja ohimenevi\u00e4, ja ne v\u00e4henev\u00e4t, kun keho tottuu l\u00e4\u00e4kkeeseen.<\/p>\n<p>Vakavampia sivuvaikutuksia, vaikkakin harvinaisia, voi esiinty\u00e4. N\u00e4it\u00e4 ovat n\u00e4k\u00f6muutokset, kuulonmenetys tai pitkittynyt, yli nelj\u00e4 tuntia kest\u00e4v\u00e4 erektio, joka tunnetaan nimell\u00e4 priapismi. Jos vakavia reaktioita ilmenee, on t\u00e4rke\u00e4\u00e4 hakeutua v\u00e4litt\u00f6m\u00e4sti l\u00e4\u00e4k\u00e4rin hoitoon. Tadapoxiin liittyvien mahdollisten riskien ymm\u00e4rt\u00e4minen voi auttaa k\u00e4ytt\u00e4ji\u00e4 tekem\u00e4\u00e4n tietoon perustuvia p\u00e4\u00e4t\u00f6ksi\u00e4 ja tunnistamaan, milloin etsi\u00e4 apua.<\/p>\n<h2>Tadapoxin annostus- ja antoohjeet<\/h2>\n<p>Tadapoxin suositeltu annos on yksi tabletti, joka otetaan 1-3 tuntia ennen odotettua seksuaalista aktiivisuutta. On eritt\u00e4in t\u00e4rke\u00e4\u00e4, ett\u00e4 t\u00e4t\u00e4 annosta ei ylitet\u00e4 24 tunnin aikana, jotta haittavaikutusten riski minimoidaan. N\u00e4iden ohjeiden noudattaminen varmistaa l\u00e4\u00e4kkeen tehon ja turvallisuuden.<\/p>\n<p>Potilaiden tulee seurata tarkasti terveydenhuollon tarjoajansa ohjeita, koska yksil\u00f6lliset tekij\u00e4t, kuten ik\u00e4, terveydentila ja samanaikaiset l\u00e4\u00e4kkeet, voivat vaikuttaa sopivaan annokseen. Muutokset voivat olla tarpeen henkil\u00f6kohtaisen toleranssin ja hoitovasteen perusteella.<\/p>\n<h2>Kenen tulisi v\u00e4ltt\u00e4\u00e4 Tadapoxin ottamista?<\/h2>\n<p>Tadapox ei sovi kaikille. Miesten, joilla on ollut syd\u00e4n- ja verisuonisairauksia, kuten syd\u00e4nkohtauksia tai aivohalvauksia, tulisi v\u00e4ltt\u00e4\u00e4 t\u00e4m\u00e4n l\u00e4\u00e4kkeen k\u00e4ytt\u00f6\u00e4 syd\u00e4men haitallisten vaikutusten vuoksi. Lis\u00e4ksi potilaiden, joilla on maksasairaus tai munuaissairaus, tulee noudattaa varovaisuutta, koska n\u00e4m\u00e4 sairaudet voivat vaikuttaa kehon kykyyn metaboloida l\u00e4\u00e4kett\u00e4.<\/p>\n<p>Henkil\u00f6iden, jotka k\u00e4ytt\u00e4v\u00e4t l\u00e4\u00e4kkeit\u00e4, jotka ovat vuorovaikutuksessa tadalafiilin tai dapoxetiinin kanssa, kuten nitraatteja tai tiettyj\u00e4 masennusl\u00e4\u00e4kkeit\u00e4, tulee my\u00f6s pid\u00e4tt\u00e4yty\u00e4 Tadapoxin k\u00e4yt\u00f6st\u00e4. Kattava sairaushistorian katsaus terveydenhuollon tarjoajan kanssa voi auttaa m\u00e4\u00e4ritt\u00e4m\u00e4\u00e4n, onko Tadapox turvallinen vaihtoehto.<\/p>\n<h2>Konsultoi terveydenhuollon tarjoajaa ennen Tadapoxin k\u00e4ytt\u00f6\u00e4<\/h2>\n<p>Ennen Tadapoxin aloittamista on v\u00e4ltt\u00e4m\u00e4t\u00f6nt\u00e4 kuulla terveydenhuollon tarjoajaa. Ammattimainen arviointi varmistaa, ett\u00e4 l\u00e4\u00e4kitys on asianmukainen yksil\u00f6n terveydentilan ja sairaushistorian perusteella. T\u00e4m\u00e4 konsultaatio tarjoaa my\u00f6s mahdollisuuden keskustella mahdollisista yhteisvaikutuksista olemassa olevien l\u00e4\u00e4kkeiden kanssa ja m\u00e4\u00e4ritt\u00e4\u00e4 turvallinen annostusohjelma.<\/p>\n<p>Terveydenhuollon tarjoajat voivat tarjota ohjeita sivuvaikutusten hallintaan ja hoidon s\u00e4\u00e4t\u00e4miseen tarpeen mukaan. T\u00e4m\u00e4 ammatillinen valvonta on ratkaisevan t\u00e4rke\u00e4\u00e4 Tadapoxin hy\u00f6tyjen maksimoimiseksi ja mahdollisten riskien minimoimiseksi.<\/p>\n<h2>Todellisia k\u00e4ytt\u00e4j\u00e4kokemuksia ja kokemuksia<\/h2>\n<p>Monet Tadapoxin k\u00e4ytt\u00e4j\u00e4t raportoivat merkitt\u00e4vist\u00e4 parannuksista seksuaalisessa suorituskyvyss\u00e4\u00e4n ja tyytyv\u00e4isyytens\u00e4. Kokemukset korostavat usein yhden ratkaisun mukavuutta sek\u00e4 erektioh\u00e4iri\u00f6ihin ett\u00e4 ennenaikaiseen siemensy\u00f6ksyyn. K\u00e4ytt\u00e4j\u00e4t huomaavat lis\u00e4\u00e4ntyneen itseluottamuksen ja spontaanisuuden, jonka l\u00e4\u00e4kkeen pitk\u00e4kestoiset vaikutukset tarjoavat.<\/p>\n<p>Kokemukset voivat kuitenkin vaihdella, sill\u00e4 jotkut k\u00e4ytt\u00e4j\u00e4t kokevat sivuvaikutuksia tai pit\u00e4v\u00e4t l\u00e4\u00e4kityst\u00e4 odotettua v\u00e4hemm\u00e4n tehokkaana. N\u00e4m\u00e4 monipuoliset kokemukset korostavat yksil\u00f6llisten hoitosuunnitelmien ja terveydenhuollon tarjoajan ohjauksen merkityst\u00e4.<\/p>\n<h2>Tulevaisuuden kehitys ED-hoidoissa ja Tadapoxin rooli<\/h2>\n<p>ED-hoidon ala kehittyy edelleen, ja tutkimus keskittyy tehon parantamiseen, sivuvaikutusten v\u00e4hent\u00e4miseen ja hoitovaihtoehtojen laajentamiseen. Tadapox on askel kohti kattavampia ratkaisuja, jotka k\u00e4sittelev\u00e4t useita miesten seksuaaliterveyden n\u00e4k\u00f6kohtia yhdess\u00e4 l\u00e4\u00e4kkeess\u00e4.<\/p>\n<p>Tulevaisuuden kehitysvaiheessa voidaan ottaa k\u00e4ytt\u00f6\u00f6n entist\u00e4 kehittyneempi\u00e4 formulaatioita ja jakelumenetelmi\u00e4, jotka mahdollisesti parantavat ED-hoitojen tehokkuutta ja k\u00e4ytt\u00f6kokemusta. Tadapoxin rooli t\u00e4ss\u00e4 maisemassa korostaa jatkuvaa tarvetta innovatiivisille ratkaisuille, jotka vastaavat erektioh\u00e4iri\u00f6st\u00e4 k\u00e4rsivien moninaisiin tarpeisiin.<\/p>\n","protected":false},"excerpt":{"rendered":"<p>Miten Tadapox toimii ED:ss\u00e4: mekanismi, alkaminen, kesto Tadapox yhdist\u00e4\u00e4 Tadalafiilin ja Dapoksetiinin vahvuudet erektioh\u00e4iri\u00f6iden (ED) hoitoon erityisill\u00e4 mekanismeilla, alkamisajoilla ja vaikutuksen kestoilla. Erektioh\u00e4iri\u00f6n ja sen syiden ymm\u00e4rt\u00e4minen Erektioh\u00e4iri\u00f6 (ED) on yleinen sairaus, joka vaikuttaa miljooniin miehiin maailmanlaajuisesti ja jolle on ominaista kyvytt\u00f6myys saavuttaa tai yll\u00e4pit\u00e4\u00e4 tyydytt\u00e4v\u00e4\u00e4n seksuaaliseen suorituskykyyn riitt\u00e4v\u00e4\u00e4 erektiota. ED:n syyt ovat erilaisia, ja [&hellip;]<\/p>\n","protected":false},"author":1,"featured_media":0,"parent":0,"menu_order":0,"comment_status":"closed","ping_status":"closed","template":"","meta":{"footnotes":""},"class_list":["post-3473","page","type-page","status-publish","hentry"],"_links":{"self":[{"href":"https:\/\/primeodontorj.com\/index.php\/wp-json\/wp\/v2\/pages\/3473","targetHints":{"allow":["GET"]}}],"collection":[{"href":"https:\/\/primeodontorj.com\/index.php\/wp-json\/wp\/v2\/pages"}],"about":[{"href":"https:\/\/primeodontorj.com\/index.php\/wp-json\/wp\/v2\/types\/page"}],"author":[{"embeddable":true,"href":"https:\/\/primeodontorj.com\/index.php\/wp-json\/wp\/v2\/users\/1"}],"replies":[{"embeddable":true,"href":"https:\/\/primeodontorj.com\/index.php\/wp-json\/wp\/v2\/comments?post=3473"}],"version-history":[{"count":1,"href":"https:\/\/primeodontorj.com\/index.php\/wp-json\/wp\/v2\/pages\/3473\/revisions"}],"predecessor-version":[{"id":3474,"href":"https:\/\/primeodontorj.com\/index.php\/wp-json\/wp\/v2\/pages\/3473\/revisions\/3474"}],"wp:attachment":[{"href":"https:\/\/primeodontorj.com\/index.php\/wp-json\/wp\/v2\/media?parent=3473"}],"curies":[{"name":"wp","href":"https:\/\/api.w.org\/{rel}","templated":true}]}}