{"id":3477,"date":"2026-05-04T15:22:43","date_gmt":"2026-05-04T15:22:43","guid":{"rendered":"https:\/\/primeodontorj.com\/?page_id=3477"},"modified":"2026-05-04T15:22:43","modified_gmt":"2026-05-04T15:22:43","slug":"fordelar-med-att-anvanda-viagra-oral-jelly","status":"publish","type":"page","link":"https:\/\/primeodontorj.com\/index.php\/fordelar-med-att-anvanda-viagra-oral-jelly\/","title":{"rendered":"F\u00f6rdelar med att anv\u00e4nda Viagra Oral Jelly"},"content":{"rendered":"<h1>Vad du beh\u00f6ver veta om Viagra Oral Jelly<\/h1>\n<p>Viagra Oral Jelly erbjuder ett bekv\u00e4mt alternativ f\u00f6r att behandla erektil dysfunktion, men att f\u00f6rst\u00e5 dess anv\u00e4ndning, f\u00f6rdelar och potentiella biverkningar \u00e4r avg\u00f6rande f\u00f6r s\u00e4ker och effektiv behandling.<\/p>\n<h2>Introduktion till Viagra Oral Jelly<\/h2>\n<p>Viagra Oral Jelly \u00e4r en ny formulering av det v\u00e4lk\u00e4nda l\u00e4kemedlet Viagra, designat f\u00f6r att behandla erektil dysfunktion (ED) mer bekv\u00e4mt. Till skillnad fr\u00e5n traditionella tabletter till\u00e5ter denna gel\u00e9form snabbare absorption och kan tas utan vatten, vilket g\u00f6r den till ett diskret och praktiskt alternativ f\u00f6r m\u00e5nga anv\u00e4ndare. Inf\u00f6randet av detta formul\u00e4r syftar till att tillgodose individer som kan ha sv\u00e5rt att sv\u00e4lja piller eller f\u00f6redrar ett mer v\u00e4lsmakande alternativ.<\/p>\n<p>Denna form av medicin finns i olika smaker, vilket \u00f6kar dess tilltalande och g\u00f6r den mer tillg\u00e4nglig f\u00f6r dem som kanske \u00e4r tveksamma till att ta traditionella piller. Gel\u00e9ens verkan \u00e4r s\u00e4rskilt snabb och ger ett snabbare svar \u00e4n dess tablettmotsvarighet, vilket kan vara en betydande f\u00f6rdel i spontana situationer.<\/p>\n<h2>Hur Viagra Oral Jelly fungerar<\/h2>\n<p>Viagra Oral Jelly inneh\u00e5ller den aktiva ingrediensen sildenafilcitrat, som \u00e4r en fosfodiesteras typ 5 (PDE5) h\u00e4mmare. PDE5-h\u00e4mmare verkar genom att \u00f6ka blodfl\u00f6det till penis under sexuell upphetsning, vilket hj\u00e4lper till att uppn\u00e5 och bibeh\u00e5lla en erektion. Denna process underl\u00e4ttas av avslappning av blodk\u00e4rlen i penisregionen, vilket m\u00f6jligg\u00f6r f\u00f6rb\u00e4ttrad blodcirkulation.<\/p>\n<p>Gel\u00e9formen absorberas genom slemhinnorna i munnen, vilket leder till en snabbare verkan j\u00e4mf\u00f6rt med tabletter. Vanligtvis kan anv\u00e4ndare f\u00f6rv\u00e4nta sig att uppleva effekterna inom 15 till 30 minuter, vilket g\u00f6r det idealiskt f\u00f6r dem som s\u00f6ker en snabb l\u00f6sning. Som med andra ED-mediciner \u00e4r sexuell stimulering n\u00f6dv\u00e4ndig f\u00f6r att Viagra Oral Jelly ska vara effektiv.<\/p>\n<h2>F\u00f6rdelar med att anv\u00e4nda Viagra Oral Jelly<\/h2>\n<p>En av de fr\u00e4msta f\u00f6rdelarna med Viagra Oral Jelly \u00e4r dess snabbverkande natur. Gel\u00e9en absorberas snabbare \u00e4n tabletter, vilket ger ett mer omedelbart svar, vilket kan f\u00f6rb\u00e4ttra sexuell spontanitet. Dessutom bidrar bekv\u00e4mligheten av att inte kr\u00e4va vatten f\u00f6r f\u00f6rt\u00e4ring till dess praktiska funktion, s\u00e4rskilt i situationer d\u00e4r diskretion \u00e4r \u00f6nskv\u00e4rd.<\/p>\n<p>En annan f\u00f6rdel \u00e4r att det \u00e4r l\u00e4tt att administrera f\u00f6r personer som har sv\u00e5rt att sv\u00e4lja piller, ett vanligt problem som kan hindra anv\u00e4ndningen av traditionella orala l\u00e4kemedel. M\u00e5ngfalden av tillg\u00e4ngliga smaker g\u00f6r det ocks\u00e5 till en trevligare upplevelse, vilket potentiellt f\u00f6rb\u00e4ttrar f\u00f6ljsamheten till behandling bland anv\u00e4ndare.<\/p>\n<h2>Riktlinjer f\u00f6r dosering och administrering<\/h2>\n<p>Den rekommenderade dosen av Viagra Oral Jelly \u00e4r vanligtvis 50 mg, taget cirka 30 minuter f\u00f6re sexuell aktivitet. Dosen kan dock justeras baserat p\u00e5 effekt och tolerabilitet, med ett intervall p\u00e5 25 mg till 100 mg tillg\u00e4ngligt. Det \u00e4r viktigt att f\u00f6lja den f\u00f6reskrivna dosen och inte \u00f6verstiga en dos under en 24-timmarsperiod f\u00f6r att undvika biverkningar.<\/p>\n<p>Administreringen \u00e4r enkel: gel\u00e9en kan pressas p\u00e5 en sked eller direkt i munnen. Det \u00e4r viktigt att notera att intag av Viagra Oral Jelly med en m\u00e5ltid med h\u00f6g fetthalt kan f\u00f6rdr\u00f6ja dess effekter, s\u00e5 den konsumeras b\u00e4st p\u00e5 fastande mage eller efter en l\u00e4tt m\u00e5ltid f\u00f6r optimala resultat.<\/p>\n<h2>Potentiella biverkningar av Viagra Oral Jelly<\/h2>\n<p>Som med alla l\u00e4kemedel kan Viagra Oral Jelly orsaka biverkningar, \u00e4ven om inte alla kommer att uppleva dem. Vanliga biverkningar inkluderar huvudv\u00e4rk, rodnad, matsm\u00e4ltningsbesv\u00e4r och n\u00e4st\u00e4ppa. Dessa \u00e4r vanligtvis milda och tillf\u00e4lliga och l\u00f6ser sig av sig sj\u00e4lva n\u00e4r kroppen anpassar sig till medicinen.<\/p>\n<p>I s\u00e4llsynta fall kan allvarligare <a href=\"https:\/\/apotek-i-sverige.se\/kop-viagra-oral-jelly-online-utan-recept\">https:\/\/apotek-i-sverige.se\/kop-viagra-oral-jelly-online-utan-recept<\/a> biverkningar uppst\u00e5, s\u00e5som pl\u00f6tslig syn eller h\u00f6rselneds\u00e4ttning, eller en erektion som varar mer \u00e4n fyra timmar (priapism), vilket kr\u00e4ver omedelbar l\u00e4karv\u00e5rd. Anv\u00e4ndare b\u00f6r avbryta anv\u00e4ndningen och s\u00f6ka medicinsk r\u00e5dgivning om de upplever n\u00e5gra allvarliga eller ih\u00e5llande biverkningar.<\/p>\n<h2>J\u00e4mf\u00f6r Viagra Oral Jelly med traditionella Viagra-tabletter<\/h2>\n<p>Medan b\u00e5de Viagra Oral Jelly och traditionella Viagra-tabletter inneh\u00e5ller samma aktiva ingrediens, sildenafilcitrat, finns det betydande skillnader mellan de tv\u00e5 formerna. Gel\u00e9formen ger en snabbare verkan tack vare sin snabbare absorptionshastighet, vilket g\u00f6r den mer l\u00e4mplig f\u00f6r spontan anv\u00e4ndning.<\/p>\n<p>Traditionella tabletter f\u00f6rblir dock ett f\u00f6redraget val f\u00f6r dem som \u00e4r vana vid p-piller. Vissa anv\u00e4ndare kan tycka att surfplattans f\u00f6ruts\u00e4gbara start och varaktighet av verkan \u00e4r mer l\u00e4mpade f\u00f6r deras behov. I slut\u00e4ndan kan valet mellan de tv\u00e5 bero p\u00e5 personliga preferenser och specifika livsstils\u00f6verv\u00e4ganden.<\/p>\n<h2>Vem b\u00f6r \u00f6verv\u00e4ga att anv\u00e4nda Viagra Oral Jelly<\/h2>\n<p>Viagra Oral Jelly \u00e4r s\u00e4rskilt f\u00f6rdelaktigt f\u00f6r m\u00e4n som har sv\u00e5rt att sv\u00e4lja tabletter eller som \u00f6nskar en snabbare verkande form av medicin. Det kan ocks\u00e5 tilltala dem som f\u00f6redrar en mer diskret form av medicinintag, med tanke p\u00e5 dess l\u00e4tthet att anv\u00e4nda utan vatten.<\/p>\n<p>Det \u00e4r dock viktigt f\u00f6r potentiella anv\u00e4ndare att r\u00e5dg\u00f6ra med en sjukv\u00e5rdspersonal f\u00f6r att s\u00e4kerst\u00e4lla att Viagra Oral Jelly \u00e4r l\u00e4mplig f\u00f6r deras specifika h\u00e4lsotillst\u00e5nd och livsstil. De med underliggande h\u00e4lsoproblem eller tar vissa mediciner b\u00f6r s\u00f6ka medicinsk r\u00e5dgivning f\u00f6re anv\u00e4ndning f\u00f6r att undvika potentiella interaktioner.<\/p>\n<h2>F\u00f6rvaring och hantering av Viagra Oral Jelly<\/h2>\n<p>Korrekt f\u00f6rvaring av Viagra Oral Jelly \u00e4r avg\u00f6rande f\u00f6r att bibeh\u00e5lla dess effektivitet. Gel\u00e9en ska f\u00f6rvaras i sin originalf\u00f6rpackning i rumstemperatur, borta fr\u00e5n direkt solljus och fukt. Det b\u00f6r f\u00f6rvaras utom r\u00e4ckh\u00e5ll f\u00f6r barn och husdjur f\u00f6r att f\u00f6rhindra oavsiktlig f\u00f6rt\u00e4ring.<\/p>\n<p>Eftersom gel\u00e9formen \u00e4r mer mottaglig f\u00f6r milj\u00f6faktorer \u00e4n tabletter \u00e4r det viktigt att se till att den f\u00f6rvaras korrekt. Varje p\u00e5se som verkar skadad eller l\u00e4cker b\u00f6r kasseras f\u00f6r att s\u00e4kerst\u00e4lla s\u00e4kerhet och effektivitet.<\/p>\n<h2>Vanliga myter och missuppfattningar<\/h2>\n<p>En vanlig missuppfattning om Viagra Oral Jelly \u00e4r att det kan \u00f6ka sexlusten. Det \u00e4r dock viktigt att klarg\u00f6ra att medicineringen inte \u00f6kar libido; det underl\u00e4ttar bara den fysiska f\u00f6rm\u00e5gan att uppn\u00e5 en erektion som svar p\u00e5 sexuell stimulering.<\/p>\n<p>En annan myt \u00e4r att Viagra Oral Jelly kan tas f\u00f6r rekreation eller utan behov. Detta rekommenderas inte, eftersom ol\u00e4mplig anv\u00e4ndning kan leda till on\u00f6diga h\u00e4lsorisker eller potentiella biverkningar. L\u00e4kemedlet b\u00f6r endast anv\u00e4ndas av personer som diagnostiserats med erektil dysfunktion och som ordinerats av en v\u00e5rdgivare.<\/p>\n<h2>K\u00f6pa Viagra Oral Jelly s\u00e4kert online<\/h2>\n<p>F\u00f6r dem som funderar p\u00e5 att k\u00f6pa Viagra Oral Jelly online \u00e4r det avg\u00f6rande att g\u00f6ra det fr\u00e5n v\u00e4lrenommerade och verifierade apotek. \u00d6kningen av f\u00f6rfalskade l\u00e4kemedel utg\u00f6r betydande risker, och k\u00f6p fr\u00e5n overifierade k\u00e4llor kan leda till att man f\u00e5r ineffektiva eller skadliga produkter.<\/p>\n<p>Konsumenter b\u00f6r leta efter onlineapotek som kr\u00e4ver recept, eftersom detta \u00e4r en bra indikator p\u00e5 legitimitet. Dessutom kan kontroll av certifieringar eller godk\u00e4nnandest\u00e4mplar fr\u00e5n erk\u00e4nda l\u00e4kemedelsmyndigheter hj\u00e4lpa till att s\u00e4kerst\u00e4lla produktens \u00e4kthet.<\/p>\n<h2>F\u00f6rst\u00e5 lagligheten av Viagra Oral Jelly<\/h2>\n<p>Lagligheten av att k\u00f6pa och anv\u00e4nda Viagra Oral Jelly varierar fr\u00e5n land till land, och det \u00e4r viktigt f\u00f6r individer att vara medvetna om reglerna i deras region. P\u00e5 m\u00e5nga st\u00e4llen kr\u00e4vs ett recept f\u00f6r att f\u00e5 medicinen, vilket \u00e5terspeglar dess status som en kontrollerad substans.<\/p>\n<p>Det \u00e4r viktigt att f\u00f6rst\u00e5 lokala lagar och f\u00f6rordningar f\u00f6r att undvika juridiska komplikationer. Att samr\u00e5da med en v\u00e5rdgivare kan ge klarhet om de juridiska kraven och s\u00e4kerst\u00e4lla efterlevnad av lokala medicinska riktlinjer.<\/p>\n<h2>Patienterfarenheter och vittnesm\u00e5l<\/h2>\n<p>M\u00e5nga patienter rapporterar positiva erfarenheter av Viagra Oral Jelly, vilket lyfter fram dess bekv\u00e4mlighet och snabba ins\u00e4ttande effekt som viktiga f\u00f6rdelar. Rekommendationer n\u00e4mner ofta gel\u00e9formens enkla anv\u00e4ndning och diskreta karakt\u00e4r, vilket bidrar till f\u00f6rb\u00e4ttrat sj\u00e4lvf\u00f6rtroende och tillfredsst\u00e4llelse.<\/p>\n<p>Men som med alla l\u00e4kemedel kan upplevelserna variera. Vissa anv\u00e4ndare kan st\u00f6ta p\u00e5 milda biverkningar, medan andra kan finna gel\u00e9formen mindre l\u00e4mplig f\u00f6r deras behov. Personliga erfarenheter kan erbjuda v\u00e4rdefulla insikter men b\u00f6r \u00f6verv\u00e4gas tillsammans med professionell medicinsk r\u00e5dgivning.<\/p>\n<h2>Viagra Oral Jelly: Vanliga fr\u00e5gor<\/h2>\n<p>Vanliga fr\u00e5gor om Viagra Oral Jelly kretsar ofta kring dess effektivitet, s\u00e4kerhet och skillnader fr\u00e5n traditionella tabletter. Potentiella anv\u00e4ndare fr\u00e5gar ofta om starttiden, m\u00f6jliga interaktioner med andra mediciner och hur l\u00e4nge effekterna varar.<\/p>\n<p>Att l\u00f6sa dessa fr\u00e5gor genom samr\u00e5d med en v\u00e5rdgivare kan hj\u00e4lpa anv\u00e4ndare att fatta v\u00e4lgrundade beslut. Att f\u00f6rst\u00e5 detaljerna hos Viagra Oral Jelly kan lindra bekymmer och s\u00e4kerst\u00e4lla s\u00e4ker och effektiv anv\u00e4ndning.<\/p>\n<h2>R\u00e5dg\u00f6r med din l\u00e4kare om Viagra Oral Jelly<\/h2>\n<p>Innan du b\u00f6rjar Viagra Oral Jelly \u00e4r det viktigt att konsultera en v\u00e5rdgivare f\u00f6r att avg\u00f6ra dess l\u00e4mplighet. En l\u00e4kare kan bed\u00f6ma individuella h\u00e4lsotillst\u00e5nd, granska aktuella mediciner och ge v\u00e4gledning om l\u00e4mplig dosering och potentiella interaktioner.<\/p>\n<p>\u00d6ppen kommunikation med en l\u00e4kare kan ocks\u00e5 hj\u00e4lpa till att ta itu med eventuella farh\u00e5gor om biverkningar eller effekt, vilket s\u00e4kerst\u00e4ller en s\u00e4ker och positiv upplevelse av medicinen. Denna samarbetsstrategi st\u00f6der v\u00e4lgrundat beslutsfattande och optimala resultat.<\/p>\n<h2>Framtida utveckling inom erektil dysfunktionsbehandlingar<\/h2>\n<p>Omr\u00e5det f\u00f6r behandlingar f\u00f6r erektil dysfunktion forts\u00e4tter att utvecklas, med p\u00e5g\u00e5ende forskning som syftar till att f\u00f6rb\u00e4ttra befintliga mediciner och utveckla nya terapier. Framtida utveckling kan fokusera p\u00e5 att f\u00f6rb\u00e4ttra effektiviteten, minska biverkningar och \u00f6ka tillg\u00e4ngligheten av behandlingar.<\/p>\n<p>N\u00e4r v\u00e5r f\u00f6rst\u00e5else av erektil dysfunktion och dess bakomliggande orsaker \u00f6kar, lovar nya tillv\u00e4gag\u00e5ngss\u00e4tt som genterapi, stamcellsbehandlingar och avancerade farmakologiska l\u00f6sningar. Dessa framsteg kan erbjuda mer personliga och effektiva alternativ f\u00f6r individer som p\u00e5verkas av detta tillst\u00e5nd.<\/p>\n","protected":false},"excerpt":{"rendered":"<p>Vad du beh\u00f6ver veta om Viagra Oral Jelly Viagra Oral Jelly erbjuder ett bekv\u00e4mt alternativ f\u00f6r att behandla erektil dysfunktion, men att f\u00f6rst\u00e5 dess anv\u00e4ndning, f\u00f6rdelar och potentiella biverkningar \u00e4r avg\u00f6rande f\u00f6r s\u00e4ker och effektiv behandling. Introduktion till Viagra Oral Jelly Viagra Oral Jelly \u00e4r en ny formulering av det v\u00e4lk\u00e4nda l\u00e4kemedlet Viagra, designat f\u00f6r [&hellip;]<\/p>\n","protected":false},"author":1,"featured_media":0,"parent":0,"menu_order":0,"comment_status":"closed","ping_status":"closed","template":"","meta":{"footnotes":""},"class_list":["post-3477","page","type-page","status-publish","hentry"],"_links":{"self":[{"href":"https:\/\/primeodontorj.com\/index.php\/wp-json\/wp\/v2\/pages\/3477","targetHints":{"allow":["GET"]}}],"collection":[{"href":"https:\/\/primeodontorj.com\/index.php\/wp-json\/wp\/v2\/pages"}],"about":[{"href":"https:\/\/primeodontorj.com\/index.php\/wp-json\/wp\/v2\/types\/page"}],"author":[{"embeddable":true,"href":"https:\/\/primeodontorj.com\/index.php\/wp-json\/wp\/v2\/users\/1"}],"replies":[{"embeddable":true,"href":"https:\/\/primeodontorj.com\/index.php\/wp-json\/wp\/v2\/comments?post=3477"}],"version-history":[{"count":1,"href":"https:\/\/primeodontorj.com\/index.php\/wp-json\/wp\/v2\/pages\/3477\/revisions"}],"predecessor-version":[{"id":3478,"href":"https:\/\/primeodontorj.com\/index.php\/wp-json\/wp\/v2\/pages\/3477\/revisions\/3478"}],"wp:attachment":[{"href":"https:\/\/primeodontorj.com\/index.php\/wp-json\/wp\/v2\/media?parent=3477"}],"curies":[{"name":"wp","href":"https:\/\/api.w.org\/{rel}","templated":true}]}}