{"id":3489,"date":"2026-05-04T16:54:49","date_gmt":"2026-05-04T16:54:49","guid":{"rendered":"https:\/\/primeodontorj.com\/?page_id=3489"},"modified":"2026-05-04T16:54:49","modified_gmt":"2026-05-04T16:54:49","slug":"jakie-sa-najczestsze-skutki-uboczne-cipro-generic","status":"publish","type":"page","link":"https:\/\/primeodontorj.com\/index.php\/jakie-sa-najczestsze-skutki-uboczne-cipro-generic\/","title":{"rendered":"Jakie s\u0105 najcz\u0119stsze skutki uboczne Cipro Generic?"},"content":{"rendered":"<h1>Cz\u0119sto zadawane pytania dotycz\u0105ce Cipro Generic<\/h1>\n<p>Cipro Generic jest szeroko stosowanym antybiotykiem, ale zrozumienie jego zastosowa\u0144, r\u00f3\u017cnic w stosunku do wersji markowej oraz \u015brodk\u00f3w ostro\u017cno\u015bci jest niezb\u0119dne do bezpiecznego i skutecznego leczenia.<\/p>\n<h2>Co to jest Cipro Generic i jego g\u0142\u00f3wne zastosowania?<\/h2>\n<p>Cipro Generic to antybiotyk nale\u017c\u0105cy do klasy lek\u00f3w fluorochinolonowych. Stosowany jest g\u0142\u00f3wnie w leczeniu r\u00f3\u017cnych infekcji bakteryjnych, w tym infekcji dr\u00f3g moczowych, infekcji dr\u00f3g oddechowych i infekcji \u017co\u0142\u0105dkowo-jelitowych. Jego skuteczno\u015b\u0107 wynika ze zdolno\u015bci do hamowania syntezy bakteryjnego DNA, zapobiegaj\u0105c w ten spos\u00f3b namna\u017caniu si\u0119 bakterii.<\/p>\n<p>Opr\u00f3cz typowych zastosowa\u0144, Cipro Generic jest r\u00f3wnie\u017c przepisywany w przypadku powa\u017cniejszych infekcji, takich jak nara\u017cenie na w\u0105glika i niekt\u00f3re rodzaje d\u017cumy. Szerokie spektrum dzia\u0142ania sprawia, \u017ce \u200b\u200bjest to wszechstronna opcja w walce z bakteriami, jednak istotne jest, aby stosowa\u0107 j\u0105 wy\u0142\u0105cznie pod nadzorem lekarza, aby zapobiec oporno\u015bci na antybiotyki.<\/p>\n<h2>Czym Cipro Generic r\u00f3\u017cni si\u0119 od markowego Cipro?<\/h2>\n<p>Podstawowa r\u00f3\u017cnica mi\u0119dzy Cipro Generic a jego markowym odpowiednikiem polega na marce i cenie. Substancja czynna, cyprofloksacyna, pozostaje taka sama w obu wersjach, zapewniaj\u0105c por\u00f3wnywaln\u0105 skuteczno\u015b\u0107 i bezpiecze\u0144stwo. Jednak wersje generyczne zazwyczaj kosztuj\u0105 mniej, co czyni je bardziej dost\u0119pn\u0105 opcj\u0105 dla wielu pacjent\u00f3w.<\/p>\n<p>Chocia\u017c sk\u0142adnik aktywny jest identyczny, sk\u0142adniki nieaktywne, takie jak wype\u0142niacze i konserwanty, mog\u0105 nieznacznie r\u00f3\u017cni\u0107 si\u0119 mi\u0119dzy wersj\u0105 generyczn\u0105 i markow\u0105. R\u00f3\u017cnice te s\u0105 na og\u00f3\u0142 nieistotne pod wzgl\u0119dem wynik\u00f3w terapeutycznych, ale w rzadkich przypadkach mog\u0105 wp\u0142ywa\u0107 na tolerancj\u0119, zw\u0142aszcza u os\u00f3b z wra\u017cliwo\u015bci\u0105 na niekt\u00f3re substancje pomocnicze.<\/p>\n<h2>Jakie s\u0105 najcz\u0119stsze skutki uboczne Cipro Generic?<\/h2>\n<p>Jak ka\u017cdy lek, Cipro Generic mo\u017ce powodowa\u0107 dzia\u0142ania niepo\u017c\u0105dane. Do najcz\u0119\u015bciej zg\u0142aszanych nale\u017c\u0105 nudno\u015bci, biegunka, wymioty i b\u00f3l brzucha. Te problemy \u017co\u0142\u0105dkowo-jelitowe s\u0105 cz\u0119sto \u0142agodne i ust\u0119puj\u0105, gdy organizm przyzwyczai si\u0119 do leku. Aby z\u0142agodzi\u0107 te skutki, pacjentom zaleca si\u0119 przyjmowanie leku podczas posi\u0142ku.<\/p>\n<p>Mog\u0105 wyst\u0105pi\u0107 powa\u017cniejsze dzia\u0142ania niepo\u017c\u0105dane, cho\u0107 rzadkie, obejmuj\u0105ce zerwanie \u015bci\u0119gna, neuropati\u0119 obwodow\u0105 i objawy ze strony o\u015brodkowego uk\u0142adu nerwowego, takie jak zawroty g\u0142owy lub dezorientacja. Je\u015bli pojawi si\u0119 kt\u00f3rykolwiek z tych powa\u017cniejszych objaw\u00f3w, nale\u017cy natychmiast zwr\u00f3ci\u0107 si\u0119 o pomoc lekarsk\u0105.<\/p>\n<h2>Czy Cipro Generic mo\u017cna stosowa\u0107 w leczeniu wszystkich infekcji bakteryjnych??<\/h2>\n<p>Chocia\u017c Cipro Generic jest skuteczny przeciwko szerokiemu zakresowi infekcji bakteryjnych, nie jest odpowiedni dla wszystkich. Jest nieskuteczny w walce z infekcjami wirusowymi, takimi jak przezi\u0119bienie lub grypa, i nie nale\u017cy go stosowa\u0107 bezkrytycznie. O jego zastosowaniu najlepiej decydowa\u0107 lekarz, kt\u00f3ry mo\u017ce oceni\u0107 konkretny rodzaj zaka\u017cenia i jego wra\u017cliwo\u015b\u0107 na cyprofloksacyn\u0119.<\/p>\n<p>Co wi\u0119cej, u niekt\u00f3rych bakterii mo\u017ce rozwin\u0105\u0107 si\u0119 oporno\u015b\u0107 na ten antybiotyk, co sprawi, \u017ce b\u0119dzie on nieskuteczny. Dlatego niezwykle wa\u017cne jest przestrzeganie przepisanego sposobu leczenia i dawkowania, nawet je\u015bli objawy ust\u0105pi\u0105 wcze\u015bniej, aby zapobiec rozwojowi opornych szczep\u00f3w bakteryjnych.<\/p>\n<h2>Jak nale\u017cy za\u017cywa\u0107 Cipro Generic, aby uzyska\u0107 optymaln\u0105 skuteczno\u015b\u0107?<\/h2>\n<p>Aby uzyska\u0107 optymaln\u0105 skuteczno\u015b\u0107, Cipro Generic nale\u017cy stosowa\u0107 dok\u0142adnie zgodnie z zaleceniami pracownika s\u0142u\u017cby zdrowia. Zwykle zaleca si\u0119 popijanie leku pe\u0142n\u0105 szklank\u0105 wody i utrzymywanie odpowiedniego nawodnienia przez ca\u0142y okres leczenia, aby zapobiec niekt\u00f3rym skutkom ubocznym.<\/p>\n<p>Pacjenci powinni unika\u0107 przyjmowania Cipro <a href=\"https:\/\/apteka-online-24.pl\/zamowienie-cipro-generyczny-online-bez-recepty\">https:\/\/apteka-online-24.pl\/zamowienie-cipro-generyczny-online-bez-recepty<\/a> Generic z produktami mlecznymi lub sokami wzbogacanymi w wap\u0144, poniewa\u017c mog\u0105 one zak\u0142\u00f3ca\u0107 wch\u0142anianie leku, zmniejszaj\u0105c jego skuteczno\u015b\u0107. Wskazane jest r\u00f3wnie\u017c przyjmowanie dawek w r\u00f3wnych odst\u0119pach czasu, aby utrzyma\u0107 sta\u0142e st\u0119\u017cenie leku we krwi.<\/p>\n<h2>Czego powinienem unika\u0107 stosuj\u0105c Cipro Generic?<\/h2>\n<p>Podczas stosowania leku Cipro Generic nale\u017cy unika\u0107 pewnych substancji, kt\u00f3re mog\u0105 wchodzi\u0107 w interakcje z lekiem. Leki zoboj\u0119tniaj\u0105ce zawieraj\u0105ce magnez lub glin, a tak\u017ce suplementy lub multiwitaminy zawieraj\u0105ce wap\u0144, cynk lub \u017celazo mog\u0105 utrudnia\u0107 wch\u0142anianie cyprofloksacyny i nale\u017cy je przyjmowa\u0107 co najmniej dwie godziny przed lub sze\u015b\u0107 godzin po przyj\u0119ciu antybiotyku.<\/p>\n<p>Pacjenci powinni r\u00f3wnie\u017c unika\u0107 nadmiernej ekspozycji na \u015bwiat\u0142o s\u0142oneczne lub \u015bwiat\u0142o ultrafioletowe, poniewa\u017c Cipro Generic mo\u017ce zwi\u0119ksza\u0107 wra\u017cliwo\u015b\u0107 na \u015bwiat\u0142o, co prowadzi do wi\u0119kszego ryzyka oparze\u0144 s\u0142onecznych. Podczas sp\u0119dzania czasu na \u015bwie\u017cym powietrzu zaleca si\u0119 stosowanie odzie\u017cy ochronnej i kremu z filtrem przeciws\u0142onecznym.<\/p>\n<h2>Czy Cipro Generic jest bezpieczny dla dzieci i kobiet w ci\u0105\u017cy??<\/h2>\n<p>Og\u00f3lnie rzecz bior\u0105c, Cipro Generic nie jest zalecany dla dzieci poni\u017cej 18 roku \u017cycia, poniewa\u017c mo\u017ce wp\u0142ywa\u0107 na rozw\u00f3j ko\u015bci i staw\u00f3w. Jednak\u017ce w niekt\u00f3rych przypadkach, gdy korzy\u015bci przewy\u017cszaj\u0105 ryzyko, lekarz mo\u017ce przepisa\u0107 lek dziecku. Bardzo wa\u017cne jest \u015bcis\u0142e przestrzeganie wskaz\u00f3wek lekarza.<\/p>\n<p>W przypadku kobiet w ci\u0105\u017cy zwykle unika si\u0119 stosowania Cipro Generic ze wzgl\u0119du na potencjalne ryzyko dla p\u0142odu. W czasie ci\u0105\u017cy stosowanie tego leku zwykle ogranicza si\u0119 do sytuacji, w kt\u00f3rych nie s\u0105 dost\u0119pne bezpieczniejsze alternatywy, a infekcja stanowi powa\u017cne zagro\u017cenie dla zdrowia matki.<\/p>\n<h2>Co powinienem zrobi\u0107 w przypadku pomini\u0119cia dawki Cipro Generic??<\/h2>\n<p>W przypadku pomini\u0119cia dawki leku Cipro Generic, nale\u017cy j\u0105 przyj\u0105\u0107 natychmiast po przypomnieniu sobie o tym. Je\u015bli jednak zbli\u017ca si\u0119 pora przyj\u0119cia kolejnej zaplanowanej dawki, nale\u017cy pomin\u0105\u0107 pomini\u0119t\u0105 dawk\u0119, aby unikn\u0105\u0107 podw\u00f3jnego przyj\u0119cia dawki. Dawkowanie nale\u017cy jak najszybciej powr\u00f3ci\u0107 do normalnego schematu.<\/p>\n<p>Utrzymanie sp\u00f3jnego schematu dawkowania ma kluczowe znaczenie dla skuteczno\u015bci leku, dlatego u\u017cywanie przypomnie\u0144, takich jak alarmy lub aplikacje, mo\u017ce pom\u00f3c upewni\u0107 si\u0119, \u017ce nie pomini\u0119to dawek. Konsystencja pomaga utrzyma\u0107 sta\u0142y poziom leku w organizmie, maksymalizuj\u0105c jego korzy\u015bci terapeutyczne.<\/p>\n<h2>Czy s\u0105 znane interakcje lek\u00f3w z Cipro Generic?<\/h2>\n<p>Cipro Generic mo\u017ce wchodzi\u0107 w interakcje z kilkoma innymi lekami, potencjalnie zmieniaj\u0105c jego dzia\u0142anie lub zwi\u0119kszaj\u0105c ryzyko wyst\u0105pienia dzia\u0142a\u0144 niepo\u017c\u0105danych. Warto zauwa\u017cy\u0107, \u017ce mo\u017ce wchodzi\u0107 w interakcje z antykoagulantami, takimi jak warfaryna, potencjalnie zwi\u0119kszaj\u0105c ich dzia\u0142anie rozrzedzaj\u0105ce krew, co mo\u017ce prowadzi\u0107 do powik\u0142a\u0144 krwotocznych.<\/p>\n<p>Inne godne uwagi interakcje obejmuj\u0105 niekt\u00f3re leki antyarytmiczne, leki przeciwpsychotyczne i NLPZ, kt\u00f3re mog\u0105 zwi\u0119ksza\u0107 ryzyko problem\u00f3w z sercem i centralnym uk\u0142adem nerwowym. Aby unikn\u0105\u0107 szkodliwych interakcji, nale\u017cy informowa\u0107 pracownik\u00f3w s\u0142u\u017cby zdrowia o wszystkich przyjmowanych lekach.<\/p>\n<h2>Jak rozpozna\u0107 oryginalne leki Cipro Generic?<\/h2>\n<p>Identyfikacja oryginalnego leku Cipro Generic wymaga zakupu w renomowanych aptekach i zachowania ostro\u017cno\u015bci w zwi\u0105zku z niezwykle niskimi cenami, kt\u00f3re mog\u0105 by\u0107 sygna\u0142em ostrzegawczym w przypadku podrabianych produkt\u00f3w. Opakowanie powinno by\u0107 nienaruszone i zawiera\u0107 numer partii oraz dat\u0119 wa\u017cno\u015bci.<\/p>\n<p>Dodatkowo wskazane jest sprawdzenie szczeg\u00f3\u0142\u00f3w leku u farmaceuty, kt\u00f3ry mo\u017ce potwierdzi\u0107 jego autentyczno\u015b\u0107. W razie w\u0105tpliwo\u015bci skontaktowanie si\u0119 z producentem w celu weryfikacji mo\u017ce zapewni\u0107 wi\u0119kszy spok\u00f3j ducha.<\/p>\n<h2>Jakie jest zalecane dawkowanie Cipro Generic?<\/h2>\n<p>Zalecana dawka leku Cipro Generic r\u00f3\u017cni si\u0119 w zale\u017cno\u015bci od rodzaju i ci\u0119\u017cko\u015bci leczonego zaka\u017cenia. Na przyk\u0142ad infekcje dr\u00f3g moczowych mog\u0105 wymaga\u0107 mniejszej dawki w por\u00f3wnaniu z ci\u0119\u017cszymi infekcjami dr\u00f3g oddechowych.<\/p>\n<p>Zazwyczaj dawki wahaj\u0105 si\u0119 od 250 mg do 750 mg, przyjmowane dwa razy na dob\u0119. Post\u0119powanie zgodnie z instrukcjami lekarza dotycz\u0105cymi dawkowania i czasu trwania leczenia jest niezwykle istotne, aby zapewni\u0107 ca\u0142kowite wyleczenie zaka\u017cenia i zmniejszy\u0107 ryzyko wyst\u0105pienia oporno\u015bci.<\/p>\n<h2>Czy Cipro Generic mo\u017ce powodowa\u0107 reakcje alergiczne?<\/h2>\n<p>Chocia\u017c jest to rzadkie, Cipro Generic mo\u017ce powodowa\u0107 reakcje alergiczne u niekt\u00f3rych os\u00f3b. Objawy mog\u0105 obejmowa\u0107 wysypk\u0119, sw\u0119dzenie, obrz\u0119k, silne zawroty g\u0142owy i trudno\u015bci w oddychaniu. Reakcje te wymagaj\u0105 natychmiastowej pomocy lekarskiej, poniewa\u017c mog\u0105 szybko si\u0119 nasili\u0107.<\/p>\n<p>Pacjenci ze stwierdzon\u0105 alergi\u0105 na cyprofloksacyn\u0119 lub inne fluorochinolony powinni unika\u0107 tego leku. Wa\u017cne jest r\u00f3wnie\u017c, aby przed rozpocz\u0119ciem leczenia ujawni\u0107 lekarzowi wszelkie znane alergie, aby zapobiec dzia\u0142aniom niepo\u017c\u0105danym.<\/p>\n<h2>Jakie s\u0105 wymagania dotycz\u0105ce przechowywania Cipro Generic?<\/h2>\n<p>Aby zapewni\u0107 jego skuteczno\u015b\u0107 i trwa\u0142o\u015b\u0107, Cipro Generic nale\u017cy przechowywa\u0107 w temperaturze pokojowej, z dala od bezpo\u015bredniego \u015bwiat\u0142a i wilgoci. Nie nale\u017cy go przechowywa\u0107 w \u0142azience, poniewa\u017c wilgo\u0107 mo\u017ce zaszkodzi\u0107 dzia\u0142aniu leku.<\/p>\n<p>Przechowywanie leku w oryginalnym pojemniku ze szczelnie zamkni\u0119t\u0105 pokrywk\u0105 pomaga zachowa\u0107 jego stabilno\u015b\u0107. Wa\u017cne jest r\u00f3wnie\u017c, aby trzyma\u0107 go poza zasi\u0119giem dzieci i zwierz\u0105t domowych, aby zapobiec przypadkowemu po\u0142kni\u0119ciu.<\/p>\n<h2>Jak d\u0142ugo dzia\u0142a Cipro Generic?<\/h2>\n<p>Pocz\u0105tek dzia\u0142ania leku Cipro Generic mo\u017ce si\u0119 r\u00f3\u017cni\u0107 w zale\u017cno\u015bci od rodzaju zaka\u017cenia i reakcji pacjenta na leczenie. Og\u00f3lnie rzecz bior\u0105c, pacjenci mog\u0105 zacz\u0105\u0107 zauwa\u017ca\u0107 popraw\u0119 w ci\u0105gu kilku dni od rozpocz\u0119cia leczenia.<\/p>\n<p>Jednak\u017ce niezwykle istotne jest uko\u0144czenie ca\u0142ego przepisanego cyklu leczenia, nawet je\u015bli objawy ust\u0105pi\u0105, aby mie\u0107 pewno\u015b\u0107, \u017ce infekcja zostanie w pe\u0142ni wyleczona i aby unikn\u0105\u0107 rozwoju oporno\u015bci na antybiotyki. Je\u015bli w ci\u0105gu kilku dni nie zostanie zaobserwowana poprawa, zaleca si\u0119 wizyt\u0119 kontroln\u0105 u lekarza.<\/p>\n<h2>Gdzie mog\u0119 bezpiecznie kupi\u0107 Cipro Generic?<\/h2>\n<p>Aby mie\u0107 pewno\u015b\u0107 bezpiecze\u0144stwa i autentyczno\u015bci leku, Cipro Generic nale\u017cy kupowa\u0107 w renomowanych aptekach, zar\u00f3wno internetowych, jak i stacjonarnych. Wskazane jest wybieranie aptek, kt\u00f3re wymagaj\u0105 recepty, poniewa\u017c jest to oznak\u0105 legalnych i regulowanych praktyk.<\/p>\n<p>Zakup\u00f3w w Internecie nale\u017cy dokonywa\u0107 za po\u015brednictwem certyfikowanych witryn aptek, na kt\u00f3rych cz\u0119sto opatrzone s\u0105 plomby weryfikacyjne wskazuj\u0105ce na przestrzeganie norm bezpiecze\u0144stwa. Konsultacja z lekarzem mo\u017ce r\u00f3wnie\u017c pom\u00f3c w skierowaniu pacjent\u00f3w do wiarygodnych \u017ar\u00f3de\u0142 bezpiecznego zaopatrzenia w leki.<\/p>\n","protected":false},"excerpt":{"rendered":"<p>Cz\u0119sto zadawane pytania dotycz\u0105ce Cipro Generic Cipro Generic jest szeroko stosowanym antybiotykiem, ale zrozumienie jego zastosowa\u0144, r\u00f3\u017cnic w stosunku do wersji markowej oraz \u015brodk\u00f3w ostro\u017cno\u015bci jest niezb\u0119dne do bezpiecznego i skutecznego leczenia. Co to jest Cipro Generic i jego g\u0142\u00f3wne zastosowania? Cipro Generic to antybiotyk nale\u017c\u0105cy do klasy lek\u00f3w fluorochinolonowych. Stosowany jest g\u0142\u00f3wnie w leczeniu [&hellip;]<\/p>\n","protected":false},"author":1,"featured_media":0,"parent":0,"menu_order":0,"comment_status":"closed","ping_status":"closed","template":"","meta":{"footnotes":""},"class_list":["post-3489","page","type-page","status-publish","hentry"],"_links":{"self":[{"href":"https:\/\/primeodontorj.com\/index.php\/wp-json\/wp\/v2\/pages\/3489","targetHints":{"allow":["GET"]}}],"collection":[{"href":"https:\/\/primeodontorj.com\/index.php\/wp-json\/wp\/v2\/pages"}],"about":[{"href":"https:\/\/primeodontorj.com\/index.php\/wp-json\/wp\/v2\/types\/page"}],"author":[{"embeddable":true,"href":"https:\/\/primeodontorj.com\/index.php\/wp-json\/wp\/v2\/users\/1"}],"replies":[{"embeddable":true,"href":"https:\/\/primeodontorj.com\/index.php\/wp-json\/wp\/v2\/comments?post=3489"}],"version-history":[{"count":1,"href":"https:\/\/primeodontorj.com\/index.php\/wp-json\/wp\/v2\/pages\/3489\/revisions"}],"predecessor-version":[{"id":3490,"href":"https:\/\/primeodontorj.com\/index.php\/wp-json\/wp\/v2\/pages\/3489\/revisions\/3490"}],"wp:attachment":[{"href":"https:\/\/primeodontorj.com\/index.php\/wp-json\/wp\/v2\/media?parent=3489"}],"curies":[{"name":"wp","href":"https:\/\/api.w.org\/{rel}","templated":true}]}}