{"id":3493,"date":"2026-05-04T17:39:04","date_gmt":"2026-05-04T17:39:04","guid":{"rendered":"https:\/\/primeodontorj.com\/?page_id=3493"},"modified":"2026-05-04T17:39:04","modified_gmt":"2026-05-04T17:39:04","slug":"kako-zdravilo-cialis-super-active-deluje-in-njegove-prednosti","status":"publish","type":"page","link":"https:\/\/primeodontorj.com\/index.php\/kako-zdravilo-cialis-super-active-deluje-in-njegove-prednosti\/","title":{"rendered":"Kako zdravilo Cialis Super Active deluje in njegove prednosti"},"content":{"rendered":"<h1>Na\u010drtovanje vikenda s Cialisom Super Active: \u010das, obroki in alkohol<\/h1>\n<p>Cialis Super Active ponuja prilagodljivo in u\u010dinkovito re\u0161itev za erektilno disfunkcijo, vendar je razumevanje njenega \u010dasa, prehranskih interakcij in u\u017eivanja alkohola klju\u010dnega pomena za optimalne rezultate med romanti\u010dnim vikendom.<\/p>\n<h2>Razumevanje zdravila Cialis Super Active: kaj morate vedeti<\/h2>\n<p>Cialis Super Active je mo\u010dno zdravilo za zdravljenje erektilne disfunkcije (ED). Je naprednej\u0161a razli\u010dica priljubljene blagovne znamke Cialis, oblikovana tako, da deluje hitreje in zagotavlja dolgotrajnej\u0161e u\u010dinke. Glavna aktivna sestavina je tadalafil, zaviralec fosfodiesteraze tipa 5 (PDE5), ki pomaga pove\u010dati pretok krvi v penis in olaj\u0161a erekcijo v kombinaciji s spolno stimulacijo.<\/p>\n<p>To zdravilo je na voljo v obliki mehke gel kapsule, ki omogo\u010da hitrej\u0161o absorpcijo v krvni obtok v primerjavi s tradicionalnimi tabletami. Zaradi tega hitrega nastopa je Cialis Super Active prednostna izbira za mnoge, ki \u017eelijo ohraniti spontanost pri svojih intimnih sre\u010danjih. Vendar je treba njegovo uporabo skrbno pretehtati, pri tem pa upo\u0161tevati dejavnike, kot so \u010das, obroki in u\u017eivanje alkohola.<\/p>\n<h2>Optimalen \u010das za jemanje zdravila Cialis Super Active<\/h2>\n<p>Klju\u010dni vidik u\u010dinkovite uporabe zdravila Cialis Super Active je razumevanje optimalnega \u010dasa za jemanje zdravila. Priporo\u010dljivo je, da kapsulo vzamete pribli\u017eno 15 do 30 minut pred spolno aktivnostjo. Ta \u010das omogo\u010da, da se zdravilo u\u010dinkovito absorbira in za\u010dne delovati, kot je predvideno.<\/p>\n<p>Za razliko od drugih zdravil za ED, ki zahtevajo strog urnik, Cialis Super Active ponuja prilagodljivost, saj lahko njegovi u\u010dinki trajajo do 36 ur. To podalj\u0161ano trajanje omogo\u010da bolj spro\u0161\u010den pristop k intimnosti, kar omogo\u010da parom, da na\u010drtujejo svoje dejavnosti \u010dez cel vikend brez pritiska takoj\u0161njega dolo\u010danja \u010dasa.<\/p>\n<h2>Kako zdravilo Cialis Super Active deluje in njegove prednosti<\/h2>\n<p>Cialis Super Active deluje tako, da zavira encim PDE5, ki je odgovoren za uravnavanje pretoka krvi v penisu. Z blokiranjem tega encima zdravilo pove\u010da naravni erektilni odziv na spolno stimulacijo, kar zagotavlja trdno in dolgotrajno erekcijo.<\/p>\n<p>Ena od pomembnih prednosti zdravila Cialis Super Active je njegova sposobnost ohranjanja u\u010dinkovitosti v dalj\u0161em obdobju v primerjavi z drugimi zdravili za zdravljenje ED. To podalj\u0161ano okno prilo\u017enosti je \u0161e posebej ugodno za uporabnike, ki \u017eelijo u\u017eivati \u200b\u200bv bolj spontanih in pogostih spolnih aktivnostih brez potrebe po dodatnem odmerjanju.<\/p>\n<h2>Upo\u0161tevanje obrokov pri uporabi zdravila Cialis Super Active<\/h2>\n<p>\u010ceprav je Cialis Super Active znan po svoji hitri absorpciji, lahko prisotnost hrane v \u017eelodcu vpliva na njegovo u\u010dinkovitost. Lahki obroki ali prigrizki so na splo\u0161no sprejemljivi, vendar se je priporo\u010dljivo izogibati u\u017eivanju te\u017eke hrane blizu \u010dasa zau\u017eitja.<\/p>\n<p>Uravnote\u017eena prehrana ne podpira le splo\u0161nega zdravja, ampak tudi optimizira u\u010dinkovitost zdravil za ED. Za tiste, ki na\u010drtujete romanti\u010den ve\u010der, lahko obrok, ki vklju\u010duje puste beljakovine in zelenjavo, dopolni uporabo zdravila Cialis Super Active, ne da bi oviral njegovo absorpcijo.<\/p>\n<h2>U\u010dinki obroka z visoko vsebnostjo ma\u0161\u010dob na Cialis Super Active<\/h2>\n<p>U\u017eivanje obroka z visoko vsebnostjo ma\u0161\u010dob pred ali kmalu po jemanju zdravila Cialis Super Active lahko upo\u010dasni u\u010dinkovitost zdravila. Ma\u0161\u010dobe lahko upo\u010dasnijo procese prebave in absorpcije, kar lahko zmanj\u0161a u\u010dinkovitost zdravila ob \u017eelenem \u010dasu.<\/p>\n<p>Za najbolj\u0161e rezultate je priporo\u010dljivo, da na\u010drtujete <a href=\"https:\/\/hitralekarna.si\/cialis-super-active-strosek-brez-recepta\">Cialis Super Active 20mg Na Spletu<\/a> te\u017eje obroke ob drugem \u010dasu dneva, pri \u010demer zagotovite, da zdravilo vzamete na prazen ali rahlo napolnjen \u017eelodec. Ta pristop pomaga ohranjati hiter za\u010detek delovanja, po katerem je znan Cialis Super Active, in uporabnikom omogo\u010da, da u\u017eivajo vse njegove prednosti brez nepotrebnih zamud.<\/p>\n<h2>U\u017eivanje alkohola in Cialis Super Active: \u010cemu se je treba izogibati<\/h2>\n<p>Medtem ko zmerno u\u017eivanje alkohola pogosto velja za varno, je pomembno, da ste previdni, ko ga kombinirate s Cialisom Super Active. Prekomerno pitje lahko pove\u010da verjetnost ne\u017eelenih u\u010dinkov, kot so omotica, glavoboli ali padec krvnega tlaka.<\/p>\n<p>Alkohol je depresiv in v velikih koli\u010dinah lahko prepre\u010di u\u010dinke zdravil za ED. Da bi zagotovili prijetno in varno izku\u0161njo, morajo uporabniki omejiti vnos alkohola in ostati hidrirani, pri \u010demer naj bodo alkoholne pija\u010de uravnote\u017eene z vodo ali brezalkoholnimi mo\u017enostmi.<\/p>\n<h2>Obvladovanje pogostih ne\u017eelenih u\u010dinkov zdravila Cialis Super Active<\/h2>\n<p>Kot vsa zdravila lahko tudi Cialis Super Active pri nekaterih posameznikih povzro\u010di ne\u017eelene u\u010dinke. Pogosti ne\u017eeleni u\u010dinki vklju\u010dujejo glavobole, prebavne motnje, bole\u010dine v hrbtu in zardevanje. Ti simptomi so obi\u010dajno blagi in minejo brez posredovanja.<\/p>\n<p>V primerih, ko ne\u017eeleni u\u010dinki trajajo ali postanejo mote\u010di, se morajo uporabniki za nasvet posvetovati z zdravstvenimi delavci. Prilagoditev odmerka ali \u010dasa lahko ubla\u017ei te te\u017eave in omogo\u010di nadaljnjo uporabo zdravila z minimalnim nelagodjem.<\/p>\n<h2>Interakcije med zdravilom Cialis Super Active in drugimi zdravili<\/h2>\n<p>Bistvenega pomena je, da se zavedate mo\u017enih interakcij med zdravilom Cialis Super Active in drugimi zdravili. Nekatera zdravila, zlasti nitrati, ki se uporabljajo pri boleznih srca, lahko v kombinaciji s tadalafilom povzro\u010dijo nevarne padce krvnega tlaka.<\/p>\n<p>Pred za\u010detkom uporabe zdravila Cialis Super Active morajo posamezniki svojim zdravstvenim delavcem zagotoviti popoln seznam zdravil in dodatkov, ki jih jemljejo. Te informacije omogo\u010dajo temeljito oceno morebitnih interakcij in zagotavljajo varno uporabo zdravila.<\/p>\n<h2>Na\u010drtovanje romanti\u010dnega vikenda s Cialisom Super Active<\/h2>\n<p>Na\u010drtovanje romanti\u010dnega vikenda ob uporabi zdravila Cialis Super Active lahko izbolj\u0161a izku\u0161njo za oba partnerja. Podalj\u0161ano trajanje akcije omogo\u010da prilagodljivost pri na\u010drtovanju intimnih trenutkov, kar zagotavlja, da ima romantika prednost pred \u010dasovnimi omejitvami.<\/p>\n<p>Da bi \u010dim bolje izkoristili vikend, se lahko pari ukvarjajo z dejavnostmi, ki spodbujajo povezanost, kot je ve\u010derja v najljub\u0161i restavraciji, raziskovanje novih krajev ali u\u017eivanje v mirnem ve\u010deru skupaj. Pripravljenost in razumevanje delovanja zdravila lahko prispevata k bolj izpolnjujo\u010di in spro\u0161\u010deni izku\u0161nji.<\/p>\n<h2>Nasveti za izbolj\u0161anje u\u010dinkovitosti zdravila Cialis Super Active<\/h2>\n<p>Za pove\u010danje u\u010dinkovitosti zdravila Cialis Super Active morajo uporabniki zagotoviti, da so v dobrem splo\u0161nem zdravju. Redna vadba, uravnote\u017eena prehrana in zadosten spanec lahko izbolj\u0161ajo odziv telesa na zdravila.<\/p>\n<p>Poleg tega lahko obvladovanje stresa in vzdr\u017eevanje odprte komunikacije s partnerjem okrepita \u010dustveno in fizi\u010dno povezanost, kar dodatno podpira u\u010dinkovitost zdravila. Pozornost na prehrano in alkohol prav tako igra klju\u010dno vlogo pri optimizaciji rezultatov.<\/p>\n<h2>Varnostni ukrepi pri uporabi zdravila Cialis Super Active<\/h2>\n<p>Pri uporabi zdravila Cialis Super Active je varnost najpomembnej\u0161a. Uporabniki se morajo dr\u017eati predpisanih odmerkov in se izogibati jemanju ve\u010d zdravil za ED hkrati, razen \u010de jim tako svetuje ponudnik zdravstvenih storitev.<\/p>\n<p>Posamezniki z osnovnimi zdravstvenimi te\u017eavami, kot so bolezni srca in o\u017eilja, naj se pred za\u010detkom jemanja posvetujejo s svojim zdravnikom. Spremljanje morebitnih ne\u017eelenih u\u010dinkov in takoj\u0161nje iskanje zdravni\u0161kega nasveta lahko prepre\u010dita zaplete in zagotovita varno uporabo.<\/p>\n<h2>Dolgotrajna uporaba zdravila Cialis Super Active: kaj pri\u010dakovati<\/h2>\n<p>Dolgotrajna uporaba zdravila Cialis Super Active se na splo\u0161no \u0161teje za varno za ve\u010dino posameznikov, pod pogojem, da se uporablja po navodilih zdravstvenega delavca. Redni pregledi lahko pomagajo oceniti u\u010dinkovitost zdravila in odpraviti morebitne te\u017eave.<\/p>\n<p>Pri nekaterih uporabnikih se lahko s\u010dasoma spremeni njihov odziv na zdravilo. \u010ce zdravilo postane manj u\u010dinkovito, lahko posvetovanje z zdravnikom pomaga ugotoviti, ali so potrebne prilagoditve odmerka ali alternativno zdravljenje.<\/p>\n<h2>Kdaj se posvetovati z zdravnikom glede zdravila Cialis Super Active<\/h2>\n<p>Posvetovanje z zdravnikom je klju\u010dnega pomena, \u010de se pri posamezniku pojavijo resni ali dolgotrajni ne\u017eeleni u\u010dinki ali \u010de se zdi, da zdravilo ni u\u010dinkovito. Ponudnik zdravstvenega varstva lahko ponovno oceni situacijo ob upo\u0161tevanju drugih zdravstvenih dejavnikov, ki lahko vplivajo na u\u010dinkovitost zdravila.<\/p>\n<p>Redna zdravni\u0161ka posvetovanja so priporo\u010dljiva tudi za tiste, ki Cialis Super Active jemljejo dlje \u010dasa, kar zagotavlja nadaljnjo varnost in u\u010dinkovitost zdravljenja.<\/p>\n<h2>Uporabni\u0161ke izku\u0161nje in pri\u010devanja o zdravilu Cialis Super Active<\/h2>\n<p>\u0160tevilni uporabniki zdravila Cialis Super Active poro\u010dajo o pozitivnih izku\u0161njah, pri \u010demer kot klju\u010dni prednosti poudarjajo hiter za\u010detek in dolgotrajno delovanje zdravila. Pri\u010devanja pogosto poudarjajo izbolj\u0161ano kakovost \u017eivljenja in zadovoljstvo v odnosih zaradi u\u010dinkovitega obvladovanja simptomov ED.<\/p>\n<p>Vendar se izku\u0161nje lahko razlikujejo in nekateri uporabniki lahko naletijo na te\u017eave s stranskimi u\u010dinki ali interakcijami. Izmenjava izku\u0161enj na forumih ali s ponudniki zdravstvenih storitev lahko zagotovi podporo in smernice za tiste, ki se soo\u010dajo s podobnimi te\u017eavami.<\/p>\n<h2>Pogosta vpra\u0161anja o zdravilu Cialis Super Active<\/h2>\n<p>Posamezniki imajo pogosto ve\u010d vpra\u0161anj v zvezi z uporabo zdravila Cialis Super Active. Pogoste poizvedbe vklju\u010dujejo pomisleke glede odmerjanja, mo\u017enih ne\u017eelenih u\u010dinkov in interakcij z alkoholom ali drugimi zdravili. Obravnavanje teh vpra\u0161anj z zdravstvenim delavcem lahko zagotovi jasnost in pomiritev.<\/p>\n<p>Razumevanje zapletenosti delovanja zdravila Cialis Super Active in njegove vloge pri obvladovanju erektilne disfunkcije lahko opolnomo\u010di uporabnike, da sprejemajo odlo\u010ditve na podlagi informacij, kar izbolj\u0161a njihovo splo\u0161no izku\u0161njo z zdravilom.<\/p>\n","protected":false},"excerpt":{"rendered":"<p>Na\u010drtovanje vikenda s Cialisom Super Active: \u010das, obroki in alkohol Cialis Super Active ponuja prilagodljivo in u\u010dinkovito re\u0161itev za erektilno disfunkcijo, vendar je razumevanje njenega \u010dasa, prehranskih interakcij in u\u017eivanja alkohola klju\u010dnega pomena za optimalne rezultate med romanti\u010dnim vikendom. Razumevanje zdravila Cialis Super Active: kaj morate vedeti Cialis Super Active je mo\u010dno zdravilo za zdravljenje [&hellip;]<\/p>\n","protected":false},"author":1,"featured_media":0,"parent":0,"menu_order":0,"comment_status":"closed","ping_status":"closed","template":"","meta":{"footnotes":""},"class_list":["post-3493","page","type-page","status-publish","hentry"],"_links":{"self":[{"href":"https:\/\/primeodontorj.com\/index.php\/wp-json\/wp\/v2\/pages\/3493","targetHints":{"allow":["GET"]}}],"collection":[{"href":"https:\/\/primeodontorj.com\/index.php\/wp-json\/wp\/v2\/pages"}],"about":[{"href":"https:\/\/primeodontorj.com\/index.php\/wp-json\/wp\/v2\/types\/page"}],"author":[{"embeddable":true,"href":"https:\/\/primeodontorj.com\/index.php\/wp-json\/wp\/v2\/users\/1"}],"replies":[{"embeddable":true,"href":"https:\/\/primeodontorj.com\/index.php\/wp-json\/wp\/v2\/comments?post=3493"}],"version-history":[{"count":1,"href":"https:\/\/primeodontorj.com\/index.php\/wp-json\/wp\/v2\/pages\/3493\/revisions"}],"predecessor-version":[{"id":3494,"href":"https:\/\/primeodontorj.com\/index.php\/wp-json\/wp\/v2\/pages\/3493\/revisions\/3494"}],"wp:attachment":[{"href":"https:\/\/primeodontorj.com\/index.php\/wp-json\/wp\/v2\/media?parent=3493"}],"curies":[{"name":"wp","href":"https:\/\/api.w.org\/{rel}","templated":true}]}}