{"id":3629,"date":"2026-05-05T11:37:05","date_gmt":"2026-05-05T11:37:05","guid":{"rendered":"https:\/\/primeodontorj.com\/?page_id=3629"},"modified":"2026-05-05T11:37:05","modified_gmt":"2026-05-05T11:37:05","slug":"ed-ravi-efektiivsuse-kestus","status":"publish","type":"page","link":"https:\/\/primeodontorj.com\/index.php\/ed-ravi-efektiivsuse-kestus\/","title":{"rendered":"ED-ravi efektiivsuse kestus"},"content":{"rendered":"<h1>ED-ravimi valimine veebis: alguse, kestuse ja sobivuse v\u00f5rdlemine: samm-sammult tellimine ja kohaletoimetamine<\/h1>\n<p>Internetis erektsioonih\u00e4irete (ED) ravimite maailmas navigeerimine h\u00f5lmab erinevate raviv\u00f5imaluste, nende alguse ja kestuse m\u00f5istmist ning ohutute ja seaduslike ostutavade tagamist.<\/p>\n<h2>Erinevate ED-raviv\u00f5imaluste m\u00f5istmine<\/h2>\n<p>Erektiilse d\u00fcsfunktsiooni ravimite valdkonnas pakuvad mitmed v\u00f5imalused erinevatele vajadustele ja eelistustele. K\u00f5ige tavalisemad ravimid on sildenafiil (Viagra), Tadalafiil (Cialis), Vardenafiil (Levitra) ja Avanafiil (Stendra). K\u00f5ik need ravimid parandavad verevoolu peenisesse, h\u00f5lbustades seega erektsiooni koos seksuaalse stimulatsiooniga. Kuigi neil ravimitel on \u00fchine eesm\u00e4rk, on nende keemiline koostis ja sellest tulenev toime erinev.<\/p>\n<p>N\u00e4iteks sildenafiili kiidetakse sageli selle kiire toime ja m\u00f5ne tunni jooksul toimimise eest. Tadalafiil, tuntud kui &quot;n\u00e4dalavahetuse pill,&quot; pakub eeliseks pikaajalist toimet, mis kestab kuni 36 tundi. Teisest k\u00fcljest pakuvad Vardenafiil ja Avanafil sarnaseid eeliseid, kuid ainulaadse alguse ja kestuse profiiliga. Nende erinevuste m\u00f5istmine on \u00fclioluline individuaalsetele vajadustele kohandatud sobivaima ravimi valimisel.<\/p>\n<h2>ED-ravimite algusaegade v\u00f5rdlemine<\/h2>\n<p>ED-ravimite manustamise aeg on paljude kasutajate jaoks kriitiline tegur. Sildenafiil hakkab tavaliselt toimima 30\u201360 minuti jooksul p\u00e4rast allaneelamist, mist\u00f5ttu on see populaarne valik neile, kes otsivad kiireid tulemusi. Tadalafiil v\u00f5tab veidi kauem aega, toime avaldub 30 minuti kuni 2 tunni jooksul. See pikem teostusaeg v\u00f5ib aga olla kasulik neile, kes soovivad paindlikkust.<\/p>\n<p>Vardenafiil pakub keskteed, toimides tavaliselt 30\u201360 minuti jooksul. Avanafiili t\u00e4histatakse selle kiire alguse p\u00e4rast, mis sageli toimib 15\u201330 minuti jooksul. Selline kiire tegutsemine muudab selle spontaansete kohtumiste jaoks eelistatud valikuks, kuid individuaalsed vastused v\u00f5ivad varieeruda. Seet\u00f5ttu on soovitatav katsetada erinevaid ravimeid, et teha kindlaks, milline sobib k\u00f5ige paremini isiklike ajastuse eelistustega.<\/p>\n<h2>ED-ravi efektiivsuse kestus<\/h2>\n<p>T\u00f5hususe kestust silmas pidades paistab Tadalafiil silma p\u00fcsiva toimega, mis kestab kuni 36 tundi. See pikaajaline aken tagab suurema spontaansuse, v\u00e4hendades vajadust t\u00e4pse ajastamise j\u00e4rele. Seevastu sildenafiilil ja vardenafiilil on l\u00fchem kestus, j\u00e4\u00e4des \u00fcldiselt efektiivseks umbes 4\u20136 tunniks.<\/p>\n<p>Avanafiili kestus on sarnane sildenafiili ja vardenafiiliga, kuid selle kiirem algus v\u00f5ib anda kerge eelise neile, kellel on ajatundlikud vajadused. Efektiivsuse kestus ei m\u00f5juta mitte ainult ravimite valikut, vaid ka intiimsete tegevuste planeerimist ja ajakava.<\/p>\n<h2>Sobivuse m\u00e4\u00e4ramine tervislike seisundite p\u00f5hjal<\/h2>\n<p>\u00d5ige ED-ravimi valimine h\u00f5lmab enamat kui lihtsalt alguse ja kestuse arvestamist; see n\u00f5uab individuaalse terviseseisundi p\u00f5hjalikku hindamist. N\u00e4iteks v\u00f5ivad s\u00fcdame-veresoonkonna probleemidega mehed v\u00e4ltida teatud ravimeid, mis v\u00f5ivad nende seisundit halvendada. Sildenafiil ja selle analoogid on \u00fcldiselt ohutud, kuid v\u00f5ivad suhelda nitraatide ja teiste ravimitega.<\/p>\n<p>Maksa- v\u00f5i neerukahjustusega patsientidel v\u00f5ib Tadalafiili pikaajaline toime olla sobimatu v\u00f5imaliku akumuleerumise t\u00f5ttu organismi. Tervishoiuteenuse osutajaga konsulteerimine on oluline, et hinnata k\u00f5iki terviseprobleeme, mis v\u00f5ivad m\u00f5jutada ravimite valikut, tagades nii ohutuse kui ka t\u00f5hususe.<\/p>\n<h2>Sammud ED-ravimite turvaliseks veebist tellimiseks<\/h2>\n<p>ED-ravimite veebist tellimine v\u00f5ib olla mugav, kuid see n\u00f5uab hoolikat planeerimist ja ettevaatusabin\u00f5usid. Esimene samm on saada litsentseeritud tervishoiuteenuse osutajalt kehtiv retsept. See tagab, et ravim sobib teie konkreetse seisundiga ja v\u00e4hendab k\u00f5rvaltoimete riski.<\/p>\n<p>J\u00e4rgmisena valige hea mainega Interneti-apteek. On <a href=\"https:\/\/apteekotse.org\/\">Apteek Otse<\/a> \u00fclioluline kontrollida apteegi volitusi, tagades, et neil on litsents ja et nad j\u00e4rgivad regulatiivseid standardeid. V\u00e4ltige saite, mis pakuvad ED-ravimeid ilma retseptita, kuna need v\u00f5ivad v\u00e4ljastada v\u00f5ltsitud v\u00f5i ohtlikke tooteid. L\u00f5puks vaadake tellimuse protsess hoolikalt \u00fcle, esitades sujuva tehingu h\u00f5lbustamiseks t\u00e4pset isiku- ja makseteavet.<\/p>\n<h2>Interneti-apteekide hindamine ED-ravimite jaoks<\/h2>\n<p>K\u00f5ik Interneti-apteegid ei ole v\u00f5rdsed ja nende legitiimsuse hindamine on turvaliste ostude jaoks \u00fclioluline. Alustuseks kontrollige, kas apteek on litsentsinud tunnustatud reguleeriv asutus, n\u00e4iteks \u00dchendkuningriigis General Pharmaceutical Council v\u00f5i USA National Association of Boards of Pharmacy.<\/p>\n<p>Otsige klientide arvustusi ja hinnanguid, mis v\u00f5ivad anda \u00fclevaate apteegi t\u00f6\u00f6kindlusest ja klienditeenindusest. Lisaks veenduge, et apteek n\u00f5uab ED-ravimite retsepti; see on seadusliku tegevuse p\u00f5hin\u00e4itaja. Olge ettevaatlik hindadega, mis tunduvad liiga head, et t\u00f5si olla, kuna need v\u00f5ivad viidata v\u00f5ltsitud toodetele.<\/p>\n<h2>Internetip\u00f5hise ED-meditsiini retseptin\u00f5uded<\/h2>\n<p>Seaduslikud Interneti-apteegid n\u00f5uavad ED-ravimite retsepti, mis tagab, et ravi on patsiendile sobiv ja ohutu. Retsepti v\u00e4ljakirjutamise protsess h\u00f5lmab tavaliselt konsultatsiooni tervishoiuteenuse osutajaga, kes hindab patsiendi tervislikku seisundit ja soovitab sobivaid ravimeid.<\/p>\n<p>M\u00f5ned v\u00f5rguteenused pakuvad telemeditsiini konsultatsioone, v\u00f5imaldades patsientidel saada retsepte ilma isikliku visiidita. Need teenused \u00fchendavad patsiente litsentseeritud spetsialistidega, kes saavad nende vajadusi distantsilt hinnata. Siiski on \u00fclioluline kontrollida selliste teenuste mandaate, et v\u00e4ltida v\u00f5imalikke pettusi v\u00f5i kvalifitseerimata hinnanguid.<\/p>\n<h2>Privaatsuse ja turvalisuse tagamine ED-ravi tellimisel<\/h2>\n<p>Privaatsus ja turvalisus on ED-ravi Internetist tellimisel \u00fclimalt t\u00e4htsad. Isiku- ja finantsteabe kaitsmiseks valige Interneti-apteegid, mis kasutavad turvalisi, kr\u00fcptitud \u00fchendusi (t\u00e4histatud &quot;https&quot; URL-is) tehingute jaoks. See kr\u00fcptimine aitab v\u00e4ltida andmetega seotud rikkumisi ja volitamata juurdep\u00e4\u00e4su tundlikule teabele.<\/p>\n<p>Vaadake \u00fcle apteegi privaatsuspoliitika, et m\u00f5ista, kuidas teie andmeid kasutatakse ja s\u00e4ilitatakse. Hea mainega apteekidel peaksid olema selged andmekaitsepoliitikad ja nad ei tohiks teie teavet ilma n\u00f5usolekuta jagada. Lisaks kaaluge eraelu puutumatuse korral diskreetsete saatmisv\u00f5imaluste kasutamist, tagades, et pakend ei paljastaks sisu.<\/p>\n<h2>Tarnev\u00f5imalused veebip\u00f5hise ED-ravimite ostmisel<\/h2>\n<p>Interneti-apteegid pakuvad tavaliselt mitmesuguseid tarnev\u00f5imalusi, mis v\u00f5imaldavad klientidel valida mugavuse ja kiireloomulisuse alusel. Tavatarne on tavaliselt k\u00f5ige kuluefektiivsem, kuigi kohaletoimetamine v\u00f5ib v\u00f5tta mitu p\u00e4eva. Neile, kes vajavad ravimeid kiiremas korras, on saadaval kiirendatud kohaletoimetamise v\u00f5imalused, sageli lisatasu eest.<\/p>\n<p>M\u00f5ned apteegid pakuvad tellimisteenuseid, pakkudes regulaarseid tarneid kindlate ajavahemike j\u00e4rel. See v\u00f5ib olla kasulik neile, kes kasutavad ED-ravimeid regulaarselt, tagades j\u00e4rjepideva tarnimise ilma korduvate tellimusteta. Ootamatute viivituste ja tasude v\u00e4ltimiseks on oluline enne ostu l\u00f5puleviimist kinnitada tarneajad ja kulud.<\/p>\n<h2>ED-ravimite v\u00f5imalike k\u00f5rvalm\u00f5jude juhtimine<\/h2>\n<p>Kuigi ED-ravimid on \u00fcldiselt ohutud, v\u00f5ivad need m\u00f5nedel inimestel p\u00f5hjustada k\u00f5rvaltoimeid. Sagedased k\u00f5rvaltoimed on peavalud, \u00f5hetus, seedeh\u00e4ired ja ninakinnisus. Need on tavaliselt kerged ja lahenevad iseenesest. Raskemad k\u00f5rvaln\u00e4hud, nagu n\u00e4gemis- v\u00f5i kuulmislangus, n\u00f5uavad aga viivitamatut arstiabi.<\/p>\n<p>K\u00f5rvaltoimete minimeerimiseks j\u00e4rgige etten\u00e4htud annust ja v\u00e4ltige ED-ravimite kombineerimist alkoholi v\u00f5i keelatud ainetega. Kui k\u00f5rvaltoimed p\u00fcsivad v\u00f5i s\u00fcvenevad, konsulteerige tervishoiuteenuse osutajaga, et arutada alternatiivseid raviv\u00f5imalusi v\u00f5i kohandada annust. V\u00f5imalike k\u00f5rvaltoimetega kursis olemine aitab neid t\u00f5husalt hallata ja tagab ED-ravimite ohutu kasutamise.<\/p>\n<h2>ED-ravimite kulude v\u00f5rdlus veebis<\/h2>\n<p>ED-ravimite hind Internetis v\u00f5ib apteekides oluliselt erineda. Hinda m\u00f5jutavad tegurid on ravimi t\u00fc\u00fcp, annus ja kogus. \u00dcldiselt on ED-ravimite geneerilised versioonid soodsamad kui nende kaubam\u00e4rgiga analoogid, pakkudes v\u00f5rreldavat efektiivsust v\u00e4iksemate kuludega.<\/p>\n<p>Parima pakkumise leidmiseks on soovitatav v\u00f5rrelda hindu mitme Interneti-apteegi vahel. Kuid olge keskmisest oluliselt madalamate hindadega ettevaatlik, kuna need v\u00f5ivad viidata v\u00f5ltsitud toodetele. M\u00f5ned apteegid pakuvad ka allahindlusi v\u00f5i p\u00fcsikliendiprogramme, mis pakuvad p\u00fcsiklientidele t\u00e4iendavat kokkuhoidu.<\/p>\n<h2>Klientide \u00fclevaated ja iseloomustused ED-ravi kohta<\/h2>\n<p>Klientide \u00fclevaated ja iseloomustused v\u00f5ivad pakkuda v\u00e4\u00e4rtuslikku teavet ED-ravi t\u00f5hususe ja usaldusv\u00e4\u00e4rsuse kohta. Teiste kogemuste lugemine v\u00f5ib aidata hinnata konkreetsete ravimite v\u00f5imalikke eeliseid ja puudusi. Otsige arvustusi, mis kirjeldavad \u00fcksikasjalikult nii positiivseid tulemusi kui ka k\u00f5iki eesseisvaid v\u00e4ljakutseid, andes tasakaalustatud \u00fclevaate.<\/p>\n<p>Kuigi \u00fclevaated v\u00f5ivad olla informatiivsed, ei tohiks need asendada professionaalset arstiabi. Individuaalsed reaktsioonid ED-ravimitele v\u00f5ivad olla v\u00e4ga erinevad, seet\u00f5ttu on oluline, et raviotsused p\u00f5hineksid isiklikel tervisevajadustel ja tervishoiuteenuste osutajatega konsulteerimisel. Sellegipoolest v\u00f5ivad \u00fclevaated olla otsustusprotsessis kasulikuks t\u00e4ienduseks.<\/p>\n<h2>ED-lahenduste osas konsulteerimine tervishoiuteenuste pakkujatega<\/h2>\n<p>Tervishoiuteenuse osutaja arusaam on ED-lahenduste kaalumisel hindamatu. Nad v\u00f5ivad pakkuda kohandatud n\u00f5uandeid, mis p\u00f5hinevad teie terviseajaloo ja praeguse seisundi p\u00f5hjalikul hindamisel. Konsultatsioonide ajal arutage k\u00f5iki probleeme v\u00f5i k\u00fcsimusi, mis teil v\u00f5ivad tekkida ED-ravimite, sealhulgas v\u00f5imalike koostoimete kohta teiste ravimeetoditega.<\/p>\n<p>Regulaarsed j\u00e4relkontrollid tervishoiuteenuse osutajaga tagavad, et valitud ED-ravim j\u00e4\u00e4b aja jooksul t\u00f5husaks ja ohutuks. Tervisliku seisundi muutumisel v\u00f5ib osutuda vajalikuks annuse v\u00f5i ravimit\u00fc\u00fcbi kohandamine. Avatud suhtlemine tervishoiuteenuse osutajaga soodustab koost\u00f6\u00f6l p\u00f5hinevat l\u00e4henemisviisi erektsioonih\u00e4irete t\u00f5husaks haldamiseks.<\/p>\n<h2>ED-meditsiini veebist ostmise \u00f5iguslike tagaj\u00e4rgede m\u00f5istmine<\/h2>\n<p>ED-ravimite ostmine Internetist on seotud juriidiliste kaalutlustega, eriti mis puudutab apteegi ja ravimi enda legitiimsust. Paljudes riikides on ED-ravimite ilma retseptita m\u00fc\u00fcmine ebaseaduslik. Seet\u00f5ttu v\u00f5ib litsentseerimata allikatest ostmine p\u00f5hjustada \u00f5iguslikke tagaj\u00e4rgi ja terviseriske.<\/p>\n<p>Veenduge alati, et Interneti-apteek tegutseb teie riigi \u00f5igusraamistikus. Ravimite v\u00e4lismaalt importimisel v\u00f5ivad kehtida ka erieeskirjad ja piirangud. Nende juriidiliste parameetrite m\u00f5istmine aitab tagada, et teie ost on ohutu ja koosk\u00f5las kohalike seadustega.<\/p>\n<h2>Edaspidiste ravimite veebim\u00fc\u00fcgi ja kohaletoimetamise tulevikutrendid<\/h2>\n<p>Internetip\u00f5hise ED-ravimite m\u00fc\u00fcgi ja tarnimise tulevik ootab m\u00e4rkimisv\u00e4\u00e4rset arengut. Telemeditsiini edusammud lihtsustavad t\u00f5en\u00e4oliselt retseptide saamise protsessi, muutes patsientidele h\u00f5lpsamini juurdep\u00e4\u00e4su vajalikule ravile oma kodust. Lisaks viitab digitaalsete terviselahenduste kasvav omaksv\u00f5tt nihkele isikup\u00e4rasema ja andmep\u00f5hisema tervishoiu suunas.<\/p>\n<p>Uuendused pakendamise ja tarnelogistika vallas v\u00f5ivad suurendada ED-ravimite k\u00e4ttesaadavust ja mugavust. Turu laienedes v\u00f5ib konkurents Interneti-apteekide vahel parandada teenuse kvaliteeti ja hindu. Nende suundumustega kursis olemine v\u00f5ib aidata tarbijatel teha areneval digitaalmaastikul oma ED-raviv\u00f5imaluste kohta teadlikke otsuseid.<\/p>\n","protected":false},"excerpt":{"rendered":"<p>ED-ravimi valimine veebis: alguse, kestuse ja sobivuse v\u00f5rdlemine: samm-sammult tellimine ja kohaletoimetamine Internetis erektsioonih\u00e4irete (ED) ravimite maailmas navigeerimine h\u00f5lmab erinevate raviv\u00f5imaluste, nende alguse ja kestuse m\u00f5istmist ning ohutute ja seaduslike ostutavade tagamist. Erinevate ED-raviv\u00f5imaluste m\u00f5istmine Erektiilse d\u00fcsfunktsiooni ravimite valdkonnas pakuvad mitmed v\u00f5imalused erinevatele vajadustele ja eelistustele. K\u00f5ige tavalisemad ravimid on sildenafiil (Viagra), Tadalafiil (Cialis), Vardenafiil [&hellip;]<\/p>\n","protected":false},"author":1,"featured_media":0,"parent":0,"menu_order":0,"comment_status":"closed","ping_status":"closed","template":"","meta":{"footnotes":""},"class_list":["post-3629","page","type-page","status-publish","hentry"],"_links":{"self":[{"href":"https:\/\/primeodontorj.com\/index.php\/wp-json\/wp\/v2\/pages\/3629","targetHints":{"allow":["GET"]}}],"collection":[{"href":"https:\/\/primeodontorj.com\/index.php\/wp-json\/wp\/v2\/pages"}],"about":[{"href":"https:\/\/primeodontorj.com\/index.php\/wp-json\/wp\/v2\/types\/page"}],"author":[{"embeddable":true,"href":"https:\/\/primeodontorj.com\/index.php\/wp-json\/wp\/v2\/users\/1"}],"replies":[{"embeddable":true,"href":"https:\/\/primeodontorj.com\/index.php\/wp-json\/wp\/v2\/comments?post=3629"}],"version-history":[{"count":1,"href":"https:\/\/primeodontorj.com\/index.php\/wp-json\/wp\/v2\/pages\/3629\/revisions"}],"predecessor-version":[{"id":3630,"href":"https:\/\/primeodontorj.com\/index.php\/wp-json\/wp\/v2\/pages\/3629\/revisions\/3630"}],"wp:attachment":[{"href":"https:\/\/primeodontorj.com\/index.php\/wp-json\/wp\/v2\/media?parent=3629"}],"curies":[{"name":"wp","href":"https:\/\/api.w.org\/{rel}","templated":true}]}}