{"id":4245,"date":"2026-05-05T18:48:50","date_gmt":"2026-05-05T18:48:50","guid":{"rendered":"https:\/\/primeodontorj.com\/?page_id=4245"},"modified":"2026-05-05T18:48:50","modified_gmt":"2026-05-05T18:48:50","slug":"exista-efecte-secundare-comune-asociate-cu-prozac-generic-94","status":"publish","type":"page","link":"https:\/\/primeodontorj.com\/index.php\/exista-efecte-secundare-comune-asociate-cu-prozac-generic-94\/","title":{"rendered":"Exist\u0103 efecte secundare comune asociate cu Prozac Generic?"},"content":{"rendered":"<h1>\u00centreb\u0103ri frecvente generice Prozac: primele 10 \u00eentreb\u0103ri la care s-a r\u0103spuns<\/h1>\n<p>Acest articol ofer\u0103 r\u0103spunsuri cuprinz\u0103toare la unele dintre cele mai frecvente \u00eentreb\u0103ri despre Prozac Generic, asigur\u00e2nd o \u00een\u021belegere clar\u0103 a utiliz\u0103rilor, efectelor \u0219i considera\u021biilor sale.<\/p>\n<h2>Ce este Prozac Generic \u0219i cum func\u021bioneaz\u0103?<\/h2>\n<p>Prozac Generic, cunoscut sub numele s\u0103u chimic de fluoxetin\u0103, este un tip de antidepresiv apar\u021bin\u00e2nd clasei inhibitorilor selectivi ai recapt\u0103rii serotoninei (ISRS). Func\u021bioneaz\u0103 prin cre\u0219terea nivelurilor de serotonin\u0103 din creier, un neurotransmi\u021b\u0103tor cunoscut c\u0103 influen\u021beaz\u0103 starea de spirit, emo\u021biile \u0219i somnul. Prin prevenirea reabsorb\u021biei serotoninei \u00een neuroni, Prozac Generic ajut\u0103 la men\u021binerea unor niveluri mai ridicate ale acestei substan\u021be chimice \u00een creier, care poate \u00eembun\u0103t\u0103\u021bi comunicarea dintre celulele nervoase \u0219i poate \u00eembun\u0103t\u0103\u021bi starea de spirit.<\/p>\n<p>Introducerea ISRS, cum ar fi Prozac Generic, a marcat un progres semnificativ \u00een tratamentul depresiei \u0219i a tulbur\u0103rilor asociate, \u00een primul r\u00e2nd datorit\u0103 eficacit\u0103\u021bii lor \u0219i profilului de efecte secundare \u00een general favorabile \u00een compara\u021bie cu clasele mai vechi de antidepresive. Acest medicament este de obicei prescris sub form\u0103 de pastile \u0219i, \u00een func\u021bie de starea individului \u0219i de r\u0103spunsul la tratament, doza poate fi ajustat\u0103 de profesioni\u0219tii din domeniul s\u0103n\u0103t\u0103\u021bii.<\/p>\n<h2>Pentru ce condi\u021bii este prescris \u00een mod obi\u0219nuit Prozac Generic?<\/h2>\n<p>Prozac Generic este utilizat \u00een principal pentru a trata tulburarea depresiv\u0103 major\u0103. De asemenea, este prescris \u00een mod obi\u0219nuit pentru o serie de alte afec\u021biuni de s\u0103n\u0103tate mintal\u0103, inclusiv tulburarea obsesiv-compulsiv\u0103 (TOC), bulimia nervoas\u0103, tulburarea de panic\u0103 \u0219i tulburarea disforic\u0103 premenstrual\u0103 (PMDD). \u00cen unele cazuri, poate fi folosit \u0219i pentru a trata tulbur\u0103rile de anxietate, de\u0219i func\u021bia sa principal\u0103 este ca antidepresiv.<\/p>\n<p>Furnizorii de asisten\u021b\u0103 medical\u0103 ar putea prescrie, de asemenea, Prozac Generic off-label pentru alte afec\u021biuni, dac\u0103 cred c\u0103 ar putea fi benefic pentru pacient. Utiliz\u0103rile off-label se bazeaz\u0103 pe ra\u021bionamentul clinic \u0219i pe dovezile existente care sugereaz\u0103 eficacitatea \u0219i siguran\u021ba medicamentului pentru afec\u021biuni \u00een afara indica\u021biilor sale oficiale.<\/p>\n<h2>Exist\u0103 efecte secundare comune asociate cu Prozac Generic?<\/h2>\n<p>Ca toate medicamentele, Prozac Generic poate provoca reac\u021bii adverse, de\u0219i nu toat\u0103 lumea le va experimenta. Reac\u021biile adverse frecvente includ grea\u021b\u0103, dureri de cap, ame\u021beli \u0219i gur\u0103 uscat\u0103. Unele persoane pot experimenta, de asemenea, insomnie, nervozitate sau oboseal\u0103. Aceste efecte secundare sunt adesea u\u0219oare \u0219i tind s\u0103 se diminueze pe m\u0103sur\u0103 ce organismul se adapteaz\u0103 la medicamente.<\/p>\n<p>\u00cen cazuri rare, pot ap\u0103rea reac\u021bii adverse mai severe, cum ar fi sindromul serotoninergic, care se caracterizeaz\u0103 prin simptome precum ritm cardiac rapid, halucina\u021bii, pierderea coordon\u0103rii sau ame\u021beli severe. Este esen\u021bial ca pacien\u021bii s\u0103-\u0219i contacteze furnizorul de asisten\u021b\u0103 medical\u0103 dac\u0103 prezint\u0103 reac\u021bii adverse neobi\u0219nuite sau severe. Monitorizarea regulat\u0103 poate ajuta la gestionarea eficient\u0103 a oric\u0103ror efecte adverse.<\/p>\n<h2>Cum ar trebui luat Prozac Generic pentru o eficacitate optim\u0103?<\/h2>\n<p>Pentru o eficacitate optim\u0103, Prozac Generic trebuie <a href=\"https:\/\/pilule-express.net\/prozac-generic-fara-reteta\">https:\/\/pilule-express.net\/prozac-generic-fara-reteta<\/a> luat exact a\u0219a cum este prescris de un profesionist din domeniul s\u0103n\u0103t\u0103\u021bii. Se ia de obicei o dat\u0103 pe zi, cu sau f\u0103r\u0103 alimente \u0219i este important s\u0103 se ia la aceea\u0219i or\u0103 \u00een fiecare zi pentru a men\u021bine un nivel uniform al medicamentului \u00een organism. Consecven\u021ba este cheia \u00een ob\u021binerea efectului terapeutic dorit.<\/p>\n<p>Pacien\u021bii nu trebuie s\u0103 \u00eenceteze brusc s\u0103 ia Prozac Generic f\u0103r\u0103 a consulta furnizorul lor de asisten\u021b\u0103 medical\u0103, deoarece acest lucru poate duce la simptome de sevraj. Ajust\u0103rile dozei trebuie f\u0103cute numai sub supraveghere medical\u0103 pentru a asigura siguran\u021ba \u0219i eficacitatea. Pacien\u021bii sunt \u00eencuraja\u021bi s\u0103 urmeze \u00eendeaproape instruc\u021biunile furnizorului lor \u0219i s\u0103 raporteze orice probleme pe care le \u00eent\u00e2mpin\u0103.<\/p>\n<h2>Care sunt riscurile poten\u021biale ale utiliz\u0103rii pe termen lung a Prozac Generic?<\/h2>\n<p>Utilizarea pe termen lung a Prozac Generic este, \u00een general, considerat\u0103 sigur\u0103 pentru multe persoane; cu toate acestea, este important s\u0103 fim con\u0219tien\u021bi de poten\u021bialele riscuri. Unele studii sugereaz\u0103 c\u0103 utilizarea prelungit\u0103 a ISRS poate fi asociat\u0103 cu un risc crescut de fracturi osoase, \u00een special la adul\u021bii \u00een v\u00e2rst\u0103. \u00cen plus, pot exista preocup\u0103ri cu privire la cre\u0219terea \u00een greutate sau dezvoltarea diabetului zaharat cu utilizarea pe termen lung, de\u0219i acestea sunt mai pu\u021bin frecvente.<\/p>\n<p>Pacien\u021bii care urmeaz\u0103 tratament cu Prozac Generic pe termen lung ar trebui s\u0103 aib\u0103 consult\u0103ri regulate cu furnizorul lor de asisten\u021b\u0103 medical\u0103 pentru a monitoriza orice reac\u021bii adverse poten\u021biale \u0219i pentru a evalua nevoia continu\u0103 de medicamente. Acest lucru asigur\u0103 c\u0103 beneficiile continu\u0103rii tratamentului dep\u0103\u0219esc orice riscuri poten\u021biale.<\/p>\n<h2>Prozac Generic poate interac\u021biona cu alte medicamente?<\/h2>\n<p>Prozac Generic poate interac\u021biona cu o varietate de alte medicamente, care fie pot cre\u0219te riscul de reac\u021bii adverse, fie pot reduce eficacitatea tratamentului. Interac\u021biunile notabile includ cele cu alte antidepresive, diluan\u021bi precum warfarina \u0219i medicamente antiinflamatoare nesteroidiene (AINS). Astfel de interac\u021biuni ar putea duce la cre\u0219terea riscului de s\u00e2ngerare sau a sindromului serotoninergic.<\/p>\n<p>Este esen\u021bial ca pacien\u021bii s\u0103 \u00ee\u0219i informeze furnizorul de asisten\u021b\u0103 medical\u0103 cu privire la toate medicamentele pe care le iau, inclusiv medicamentele f\u0103r\u0103 prescrip\u021bie medical\u0103 \u0219i suplimentele pe baz\u0103 de plante, pentru a evita interac\u021biunile d\u0103un\u0103toare. Furnizorul de asisten\u021b\u0103 medical\u0103 poate lua apoi decizii informate cu privire la regimul de medicamente al pacientului.<\/p>\n<h2>Este Prozac Generic sigur de utilizat \u00een timpul sarcinii?<\/h2>\n<p>Utilizarea Prozac Generic \u00een timpul sarcinii este o decizie complex\u0103 care trebuie s\u0103 c\u00e2nt\u0103reasc\u0103 beneficiile fa\u021b\u0103 de poten\u021biale riscuri. Unele studii au sugerat un risc crescut de malforma\u021bii congenitale atunci c\u00e2nd ISRS sunt administra\u021bi \u00een timpul sarcinii, \u00een special \u00een primul trimestru. Cu toate acestea, depresia netratat\u0103 \u00een sine poate prezenta riscuri semnificative at\u00e2t pentru mam\u0103, c\u00e2t \u0219i pentru f\u0103tul \u00een curs de dezvoltare.<\/p>\n<p>Femeile \u00eens\u0103rcinate sau cele care inten\u021bioneaz\u0103 s\u0103 r\u0103m\u00e2n\u0103 \u00eens\u0103rcinate ar trebui s\u0103 discute \u00een detaliu op\u021biunile lor de tratament cu furnizorul lor de asisten\u021b\u0103 medical\u0103. \u00cen multe cazuri, decizia se va baza pe severitatea st\u0103rii mamei \u0219i pe poten\u021bialele riscuri ale medicamentului fa\u021b\u0103 de riscurile de probleme de s\u0103n\u0103tate mintal\u0103 netratate.<\/p>\n<h2>Cum difer\u0103 Prozac Generic de Prozac de marc\u0103?<\/h2>\n<p>Diferen\u021ba principal\u0103 dintre Prozac Generic \u0219i Prozac de marc\u0103 const\u0103 \u00een costul \u0219i produc\u021bia acestora. Ambele con\u021bin acela\u0219i ingredient activ, fluoxetin\u0103, \u0219i sunt supuse acelora\u0219i standarde riguroase de siguran\u021b\u0103 \u0219i eficacitate. Cu toate acestea, versiunile generice sunt adesea semnificativ mai pu\u021bin costisitoare din cauza absen\u021bei primei de marc\u0103.<\/p>\n<p>Pacien\u021bii ar trebui s\u0103 fie asigura\u021bi c\u0103 agen\u021biile de reglementare solicit\u0103 ca medicamentele generice s\u0103 fie bioechivalente cu omologii lor de marc\u0103, ceea ce \u00eenseamn\u0103 c\u0103 func\u021bioneaz\u0103 \u00een acela\u0219i mod \u0219i ofer\u0103 acelea\u0219i beneficii clinice. Alegerea \u00eentre versiunile generice \u0219i cele de marc\u0103 se rezum\u0103 adesea la preferin\u021bele personale \u0219i la considerente financiare.<\/p>\n<h2>Ce ar trebui s\u0103 fac dac\u0103 omit o doz\u0103 de Prozac Generic?<\/h2>\n<p>Dac\u0103 este omis\u0103 o doz\u0103 de Prozac Generic, aceasta trebuie luat\u0103 imediat ce pacientul \u00ee\u0219i aminte\u0219te. Dac\u0103 este aproape timpul pentru urm\u0103toarea doz\u0103, doza omis\u0103 trebuie s\u0103rit\u0103, iar pacientul trebuie s\u0103 continue cu programul obi\u0219nuit de dozare. Nu se recomand\u0103 dublarea dozelor pentru a compensa dozele omise \u0219i poate cre\u0219te riscul de reac\u021bii adverse.<\/p>\n<p>Men\u021binerea unui program consecvent de medicamente poate ajuta la prevenirea dozelor omise. Pacien\u021bii ar putea considera c\u0103 este util s\u0103 seteze mementouri sau s\u0103 foloseasc\u0103 organizatori de pastile pentru a \u021bine eviden\u021ba consumului de medicamente. Dac\u0103 se omite doze frecvente, poate fi necesar\u0103 consultarea unui furnizor de asisten\u021b\u0103 medical\u0103 pentru a ajusta planul de tratament.<\/p>\n<h2>Exist\u0103 modific\u0103ri ale stilului de via\u021b\u0103 care pot spori efectele Prozacului Generic?<\/h2>\n<p>Pe l\u00e2ng\u0103 medicamente, anumite modific\u0103ri ale stilului de via\u021b\u0103 pot spori efectele Prozac Generic \u0219i pot sprijini s\u0103n\u0103tatea mintal\u0103 general\u0103. S-a demonstrat c\u0103 activitatea fizic\u0103 regulat\u0103, cum ar fi mersul pe jos sau yoga, \u00eembun\u0103t\u0103\u021be\u0219te starea de spirit \u0219i reduce simptomele depresiei. \u00cen plus, men\u021binerea unei diete echilibrate bogate \u00een nutrien\u021bi poate avea un impact pozitiv at\u00e2t asupra bun\u0103st\u0103rii fizice, c\u00e2t \u0219i asupra psihicului.<\/p>\n<p>Practicile de mindfulness, cum ar fi medita\u021bia sau exerci\u021biile de respira\u021bie profund\u0103, pot ajuta, de asemenea, la gestionarea stresului \u0219i la \u00eembun\u0103t\u0103\u021birea regl\u0103rii emo\u021bionale. Stabilirea unei rutine regulate de somn \u0219i asigurarea unei odihne adecvate poate ajuta \u00een continuare la stabilizarea st\u0103rii de spirit \u0219i la sporirea eficacit\u0103\u021bii tratamentului. Pacien\u021bii sunt \u00eencuraja\u021bi s\u0103 discute despre orice modificare a stilului de via\u021b\u0103 cu furnizorul lor de asisten\u021b\u0103 medical\u0103 pentru a se asigura c\u0103 \u00ee\u0219i completeaz\u0103 planul de tratament.<\/p>\n<h2>Cum pot \u00eentrerupe \u00een siguran\u021b\u0103 utilizarea Prozac Generic?<\/h2>\n<p>\u00centreruperea tratamentului cu Prozac Generic nu trebuie f\u0103cut\u0103 niciodat\u0103 brusc \u0219i trebuie s\u0103 fie sub \u00eendrumarea unui furnizor de asisten\u021b\u0103 medical\u0103. De obicei, se recomand\u0103 reducerea treptat\u0103 a dozei pentru a minimiza simptomele de sevraj, care pot include ame\u021beli, grea\u021b\u0103 \u0219i modific\u0103ri ale dispozi\u021biei. Programul de diminuare va varia \u00een func\u021bie de individ \u0219i de doza pe care a luat-o.<\/p>\n<p>Este important ca pacien\u021bii s\u0103 comunice deschis cu furnizorul lor de asisten\u021b\u0103 medical\u0103 despre motivele pentru care doresc s\u0103 \u00eentrerup\u0103 tratamentul. Acest dialog poate ajuta la asigurarea unui proces de \u00eentrerupere sigur \u0219i eficient, cu sprijin disponibil pentru gestionarea oric\u0103ror simptome de sevraj care pot ap\u0103rea. Furnizorul de asisten\u021b\u0103 medical\u0103 poate explora, de asemenea, op\u021biuni alternative de tratament, dac\u0103 este necesar, pentru a asigura sprijin continuu pentru s\u0103n\u0103tatea mintal\u0103.<\/p>\n","protected":false},"excerpt":{"rendered":"<p>\u00centreb\u0103ri frecvente generice Prozac: primele 10 \u00eentreb\u0103ri la care s-a r\u0103spuns Acest articol ofer\u0103 r\u0103spunsuri cuprinz\u0103toare la unele dintre cele mai frecvente \u00eentreb\u0103ri despre Prozac Generic, asigur\u00e2nd o \u00een\u021belegere clar\u0103 a utiliz\u0103rilor, efectelor \u0219i considera\u021biilor sale. Ce este Prozac Generic \u0219i cum func\u021bioneaz\u0103? Prozac Generic, cunoscut sub numele s\u0103u chimic de fluoxetin\u0103, este un tip [&hellip;]<\/p>\n","protected":false},"author":1,"featured_media":0,"parent":0,"menu_order":0,"comment_status":"closed","ping_status":"closed","template":"","meta":{"footnotes":""},"class_list":["post-4245","page","type-page","status-publish","hentry"],"_links":{"self":[{"href":"https:\/\/primeodontorj.com\/index.php\/wp-json\/wp\/v2\/pages\/4245","targetHints":{"allow":["GET"]}}],"collection":[{"href":"https:\/\/primeodontorj.com\/index.php\/wp-json\/wp\/v2\/pages"}],"about":[{"href":"https:\/\/primeodontorj.com\/index.php\/wp-json\/wp\/v2\/types\/page"}],"author":[{"embeddable":true,"href":"https:\/\/primeodontorj.com\/index.php\/wp-json\/wp\/v2\/users\/1"}],"replies":[{"embeddable":true,"href":"https:\/\/primeodontorj.com\/index.php\/wp-json\/wp\/v2\/comments?post=4245"}],"version-history":[{"count":1,"href":"https:\/\/primeodontorj.com\/index.php\/wp-json\/wp\/v2\/pages\/4245\/revisions"}],"predecessor-version":[{"id":4246,"href":"https:\/\/primeodontorj.com\/index.php\/wp-json\/wp\/v2\/pages\/4245\/revisions\/4246"}],"wp:attachment":[{"href":"https:\/\/primeodontorj.com\/index.php\/wp-json\/wp\/v2\/media?parent=4245"}],"curies":[{"name":"wp","href":"https:\/\/api.w.org\/{rel}","templated":true}]}}